{"id":196,"date":"2025-09-01T14:52:39","date_gmt":"2025-09-01T14:52:39","guid":{"rendered":"https:\/\/www.celyst.de\/dreadlocks\/wp-booking-calendar\/"},"modified":"2025-09-14T18:10:05","modified_gmt":"2025-09-14T18:10:05","slug":"booking","status":"publish","type":"page","link":"https:\/\/www.celyst.de\/dreadlocks\/booking\/","title":{"rendered":"Booking"},"content":{"rendered":"\t\t<div data-elementor-type=\"wp-page\" data-elementor-id=\"196\" class=\"elementor elementor-196\">\n\t\t\t\t<div class=\"elementor-element elementor-element-2fa0215 e-flex e-con-boxed e-con e-parent\" data-id=\"2fa0215\" data-element_type=\"container\" data-e-type=\"container\">\n\t\t\t\t\t<div class=\"e-con-inner\">\n\t\t\t\t<div class=\"elementor-element elementor-element-9d22d11 elementor-widget elementor-widget-text-editor\" data-id=\"9d22d11\" data-element_type=\"widget\" data-e-type=\"widget\" data-widget_type=\"text-editor.default\">\n\t\t\t\t\t\t\t\t\t<span style=\"color: #999999;\"><span style=\"font-family: arial, sans-serif;\"><span style=\"font-size: medium;\">Unten findest du meinen Terminkalender.\nW\u00e4hle einfach ein passendes Datum und eine verf\u00fcgbare Uhrzeit aus. Trage anschlie\u00dfend deinen Namen, deine Telefonnummer, deine E-Mail und eine kurze Beschreibung ein, was gemacht werden soll.\nGerne kannst du mich auch bei WhatsApp kontaktieren: 015201329995\nIch freue mich auf dich \ud83d\ude42<\/span><\/span><\/span><span style=\"color: #999999;\"><span style=\"font-family: arial, sans-serif;\">\n<\/span><\/span>\t\t\t\t\t\t\t\t<\/div>\n\t\t\t\t\t<\/div>\n\t\t\t\t<\/div>\n\t\t<div class=\"elementor-element elementor-element-d1f5b0e e-flex e-con-boxed e-con e-parent\" data-id=\"d1f5b0e\" data-element_type=\"container\" data-e-type=\"container\">\n\t\t\t\t\t<div class=\"e-con-inner\">\n\t\t<div class=\"elementor-element elementor-element-426c6f3 e-con-full e-flex e-con e-child\" data-id=\"426c6f3\" data-element_type=\"container\" data-e-type=\"container\">\n\t\t\t\t<div class=\"elementor-element elementor-element-eb8506a elementor-widget elementor-widget-image\" data-id=\"eb8506a\" data-element_type=\"widget\" data-e-type=\"widget\" data-widget_type=\"image.default\">\n\t\t\t\t\t\t\t\t\t\t\t\t\t\t\t<img fetchpriority=\"high\" decoding=\"async\" width=\"834\" height=\"834\" src=\"https:\/\/www.celyst.de\/dreadlocks\/wp-content\/uploads\/2025\/09\/dreadlockstudio-nrw-koeln-duesseldorf.jpeg\" class=\"attachment-large size-large wp-image-88\" alt=\"Dreadlocks K\u00f6ln NRW\" srcset=\"https:\/\/www.celyst.de\/dreadlocks\/wp-content\/uploads\/2025\/09\/dreadlockstudio-nrw-koeln-duesseldorf.jpeg 834w, https:\/\/www.celyst.de\/dreadlocks\/wp-content\/uploads\/2025\/09\/dreadlockstudio-nrw-koeln-duesseldorf-300x300.jpeg 300w, https:\/\/www.celyst.de\/dreadlocks\/wp-content\/uploads\/2025\/09\/dreadlockstudio-nrw-koeln-duesseldorf-100x100.jpeg 100w, https:\/\/www.celyst.de\/dreadlocks\/wp-content\/uploads\/2025\/09\/dreadlockstudio-nrw-koeln-duesseldorf-600x600.jpeg 600w\" sizes=\"(max-width: 834px) 100vw, 834px\" \/>\t\t\t\t\t\t\t\t\t\t\t\t\t\t\t<\/div>\n\t\t\t\t<\/div>\n\t\t<div class=\"elementor-element elementor-element-97041e4 e-con-full e-flex e-con e-child\" data-id=\"97041e4\" data-element_type=\"container\" data-e-type=\"container\">\n\t\t\t\t<div class=\"elementor-element elementor-element-23bd9d0a elementor-widget elementor-widget-shortcode\" data-id=\"23bd9d0a\" data-element_type=\"widget\" data-e-type=\"widget\" data-widget_type=\"shortcode.default\">\n\t\t\t\t\t\t\t<div class=\"elementor-shortcode\"> <div id=\"form_id1311980194436\" class=\"wpbc_container wpbc_form wpbc_container_booking_form wpbc_theme_dark_1\" ><form id=\"booking_form1\" class=\"booking_form vertical\" method=\"post\" action=\"\"><div id=\"ajax_respond_insert1\" class=\"ajax_respond_insert\" style=\"display:none;\"><\/div><a name=\"bklnk1\" id=\"bklnk1\"><\/a><div id=\"booking_form_div1\" class=\"booking_form_div\"><style type=\"text\/css\">.wpbc_container_booking_form .block_hints, .wpbc_booking_form_simple.wpbc_form_center .wpbc__form__div .wpbc__row.wpbc_r_calendar, .wpbc_booking_form_simple .wpbc__form__div .wpbc__row:not(.wpbc_r_calendar){max-width:440px;} <\/style>\n<div class=\"wpbc_booking_form_simple wpbc_booking_form_structure wpbc_form_center\">\n<div class=\"wpbc__form__div\">\n\t\t\t<div class=\"wpbc_r_calendar wpbc__row\">\n\t\t\t\t<div class=\"wpbc_r_calendar wpbc__field\"> <label><\/label><br><div class=\"wpbc_calendar_wraper wpbc_change_over_triangle\"><div class=\"wpbc_cal_container bk_calendar_frame wpbc_no_custom_width  months_num_in_row_ cal_month_num_1\" style=\"\"><div id=\"calendar_booking1\"  class=\"wpbc_calendar_id_1\" >\t<div class=\"calendar_loader_frame calendar_loader_frame1\"\r\n\t\tdata-wpbc-rid=\"1\"\r\n\t\tdata-wpbc-grace=\"8000\"\r\n\t\tstyle=\"--wpbc-loader-cols: 1;\"\r\n\t>\r\n\t\t<div class=\"calendar_loader_text\">Wird geladen...<\/div>\r\n\t\t<div class=\"calendar_loader_frame__progress_line_container\">\r\n\t\t\t<div class=\"calendar_loader_frame__progress_line\"><\/div>\r\n\t\t<\/div>\r\n\t<\/div>\r\n\t<\/div><\/div><div style=\"font-size:7px;text-align:left;margin:0 0 10px;text-shadow: none;\">Powered by <a href=\"https:\/\/wpbookingcalendar.com\" style=\"font-size:7px;\" target=\"_blank\" title=\"Booking Calendar plugin for WordPress\">Booking Calendar<\/a><\/div><textarea id=\"date_booking1\" name=\"date_booking1\" autocomplete=\"off\" style=\"display:none;\"><\/textarea><div class=\"block_hints datepick \"><div class=\"wpdev_hint_with_text\"><div class=\"\"><div class=\"datepick-inline wpbc_calendar_legend_table_width_height\"><table class=\"datepick wpbc_calendar\" style=\"\"><tbody><tr><td class=\"datepick-days-cell date_available wpbc_calendar_legend_day_cell_height\"><div class=\"wpbc-cell-box\">\t<div class=\"date-cell-content\">\t\t<div class=\"date-content-top\"><\/div>\t\t<a>04<\/a>\t\t<div class=\"date-content-bottom\"><\/div>\t<\/div><\/div><\/td><\/tr><\/tbody><\/table><\/div><\/div><div class=\"block_text\">- <\/div><div class=\"block_text\">Verf\u00fcgbar<\/div><\/div><div class=\"wpdev_hint_with_text\"><div class=\"\"><div class=\"datepick-inline wpbc_calendar_legend_table_width_height\"><table class=\"datepick wpbc_calendar\" style=\"\"><tbody><tr><td class=\"datepick-days-cell datepick-unselectable date_user_unavailable full_day_booking date_approved wpbc_calendar_legend_day_cell_height\"><div class=\"wpbc-cell-box\">\t<div class=\"date-cell-content\">\t\t<div class=\"date-content-top\"><\/div>\t\t<span>04<\/span>\t\t<div class=\"date-content-bottom\"><\/div>\t<\/div><\/div><\/td><\/tr><\/tbody><\/table><\/div><\/div><div class=\"block_text\">- <\/div><div class=\"block_text\">Gebucht<\/div><\/div><div class=\"wpdev_hint_with_text\"><div class=\"\"><span class=\" wpbc_change_over_triangle\"><div class=\"datepick-inline wpbc_calendar_legend_table_width_height\"><table class=\"datepick wpbc_calendar\" style=\"\"><tbody><tr><td class=\"datepick-days-cell date_available date2approve timespartly times_clock wpbc_calendar_legend_day_cell_height\"><div class=\"wpbc-cell-box\">\t<div class=\"wpbc-diagonal-el\">\t\t<div class=\"wpbc-co-out\"><svg height=\"100%\" width=\"100%\" viewBox=\"0 0 100 100\" preserveAspectRatio=\"none\"><polygon points=\"0,0 0,99 99,0\"><\/polygon><polygon points=\"0,0 0,100 49,100 49,0\"><\/polygon><\/svg><\/div>\t\t<div class=\"wpbc-co-in\"><svg height=\"100%\" width=\"100%\" viewBox=\"0 0 98 98\" preserveAspectRatio=\"none\"><polygon points=\"0,99 99,99 99,0\"><\/polygon><polygon points=\"50,98 98,98 98,0 50,0\"><\/polygon><\/svg><\/div>\t<\/div>\t<div class=\"date-cell-content\">\t\t<div class=\"date-content-top\"><div class=\"wpbc_time_dots\">\u00b7<\/div><\/div>\t\t<a>04<\/a>\t\t<div class=\"date-content-bottom\"><\/div>\t<\/div><\/div><\/td><\/tr><\/tbody><\/table><\/div><\/span><\/div><div class=\"block_text\">- <\/div><div class=\"block_text\">Zum Teil ausgebucht<\/div><\/div><\/div><\/div> <\/div>\n\t\t\t<\/div>\n\t\t\t<div class=\"wpbc__row\">\n\t\t\t\t<div class=\"wpbc_r_rangetime wpbc__field\"> <label>Uhrzeit*<\/label><br><span class=\"wpbc_wrap_select wpdev-form-control-wrap rangetime1\"><select onchange=\"javascript:if(typeof( wpbc_show_cost_hints_after_few_seconds )=='function'){wpbc_show_cost_hints_after_few_seconds(1);}\" name=\"rangetime1\" autocomplete=\"rangetime\" class=\"wpdev-validates-as-required\"><option value=\"10:00 - 13:00\">10Uhr - 13Uhr<\/option><option value=\"15:00 - 18:00\">15Uhr -18Uhr<\/option><option value=\"10:00 - 18:00\">Ganzer Tag<\/option><\/select><\/span> <\/div>\n\t\t\t<\/div>\n\t\t\t<div class=\"wpbc__row\">\n\t\t\t\t<div class=\"wpbc_r_name wpbc__field\"> <label>Name*<\/label><br><span class=\"wpbc_wrap_text wpdev-form-control-wrap name1\"><input type=\"text\" name=\"name1\" value=\"\" autocomplete=\"name\" class=\"wpdev-validates-as-required\" size=\"40\" \/><\/span> <\/div>\n\t\t\t<\/div>\n\t\t\t<div class=\"wpbc__row\">\n\t\t\t\t<div class=\"wpbc_r_email wpbc__field\"> <label>Email*<\/label><br><span class=\"wpbc_wrap_text wpdev-form-control-wrap email1\"><input type=\"email\" name=\"email1\" value=\"\" autocomplete=\"email\" class=\"wpdev-validates-as-email wpdev-validates-as-required\" size=\"40\" \/><\/span> <\/div>\n\t\t\t<\/div>\n\t\t\t<div class=\"wpbc__row\">\n\t\t\t\t<div class=\"wpbc_r_phone wpbc__field\"> <label>Telefonnummer*<\/label><br><span class=\"wpbc_wrap_text wpdev-form-control-wrap phone1\"><input type=\"text\" name=\"phone1\" value=\"\" autocomplete=\"phone\" class=\"wpdev-validates-as-required\" size=\"40\" \/><\/span> <\/div>\n\t\t\t<\/div>\n\t\t\t<div class=\"wpbc__row\">\n\t\t\t\t<div class=\"wpbc_r_details wpbc__field\"> <label>Was muss gemacht werden?*<\/label><br><span class=\"wpbc_wrap_textarea wpdev-form-control-wrap details1\"><textarea name=\"details1\" autocomplete=\"details\" class=\"wpdev-validates-as-required\"><\/textarea><\/span> <\/div>\n\t\t\t<\/div>\n\t\t\t<div class=\"wpbc__row\">\n\t\t\t\t<div class=\"wpbc_r_whatsapp wpbc__field\"> <label>Du darfst mich bei WhatsApp kontaktieren:*<\/label><br><span class=\"wpbc_wrap_select wpdev-form-control-wrap whatsapp1\"><select onchange=\"javascript:if(typeof( wpbc_show_cost_hints_after_few_seconds )=='function'){wpbc_show_cost_hints_after_few_seconds(1);}\" name=\"whatsapp1\" autocomplete=\"whatsapp\" class=\"wpdev-validates-as-required\"><option value=\"Ja\">Ja<\/option><option value=\"Nein\">Nein<\/option><\/select><\/span> <\/div>\n\t\t\t<\/div>\n\t\t\t<div class=\"wpbc__row\">\n\t\t\t\t<div class=\"wpbc_r_datenschutz wpbc__field\"><span class=\"wpbc_wrap_checkbox wpdev-form-control-wrap datenschutz1\"><span autocomplete=\"datenschutz\" class=\"wpdev-validates-as-required wpdev-checkbox\"><span class=\"wpdev-list-item\"><input  autocomplete=\"datenschutz\" class=\"wpdev-validates-as-required wpdev-checkbox\" id=\"checkboxid177534532409979\"  onchange=\"javascript:if(typeof( wpbc_show_cost_hints_after_few_seconds )=='function'){wpbc_show_cost_hints_after_few_seconds(1);}\"  type=\"checkbox\"  name=\"datenschutz1[]\"  value=\"Ich habe die Datenschutzerkl\u00e4rung gelesen und akzeptiert.\" \/><label for=\"checkboxid177534532409979\"  class=\"wpdev-list-item-label\">Ich habe die Datenschutzerkl\u00e4rung gelesen und akzeptiert.<\/label><\/span><\/span><\/span> <\/div>\n\t\t\t<\/div>\n\t\t\t<div class=\"wpbc__row\">\n\t\t\t\t<div class=\"wpbc_r_submit wpbc__field\"><input type=\"button\" value=\"Senden\" class=\"wpbc_button_light  btn btn\" onclick=\"wpbc_booking_form_submit(this.form,1, 'de_DE');\" \/> <\/div>\n\t\t\t<\/div>\n<\/div>\n<\/div><input id=\"bk_type1\" name=\"bk_type1\" class=\"\" type=\"hidden\" value=\"1\" \/><\/div><div id=\"submiting1\"><\/div><div class=\"form_bk_messages\" id=\"form_bk_messages1\" ><\/div><input type=\"hidden\" id=\"wpbc_nonceCALCULATE_THE_COST1\" name=\"wpbc_nonceCALCULATE_THE_COST1\" value=\"e1236dfdf1\" \/><input type=\"hidden\" name=\"_wp_http_referer\" value=\"\/dreadlocks\/wp-json\/wp\/v2\/pages\/196\" \/><\/form><\/div><div id=\"booking_form_garbage1\" class=\"booking_form_garbage\"><\/div> <\/div>\n\t\t\t\t\t\t<\/div>\n\t\t\t\t<\/div>\n\t\t\t\t\t<\/div>\n\t\t\t\t<\/div>\n\t\t<div class=\"elementor-element elementor-element-b6eb17e e-flex e-con-boxed e-con e-parent\" data-id=\"b6eb17e\" data-element_type=\"container\" data-e-type=\"container\">\n\t\t\t\t\t<div class=\"e-con-inner\">\n\t\t\t\t<div class=\"elementor-element elementor-element-dc8e454 elementor-widget elementor-widget-text-editor\" data-id=\"dc8e454\" data-element_type=\"widget\" data-e-type=\"widget\" data-widget_type=\"text-editor.default\">\n\t\t\t\t\t\t\t\t\t<p><span style=\"color: #999999;\"><span style=\"font-family: arial, sans-serif;\"><span style=\"font-size: medium;\">Keine passende Uhrzeit dabei? Sende eine Anfrage im <a href=\"https:\/\/www.celyst.de\/dreadlocks\/kontaktformular\/\"><span style=\"text-decoration: underline;\"><em>Kontaktformular<\/em><\/span><\/a>.<\/span><\/span><\/span><span style=\"color: #999999;\"><span style=\"font-family: arial, sans-serif;\"><br \/><\/span><\/span><\/p>\t\t\t\t\t\t\t\t<\/div>\n\t\t\t\t\t<\/div>\n\t\t\t\t<\/div>\n\t\t\t\t<\/div>\n\t\t","protected":false},"excerpt":{"rendered":"<p>Unten findest du meinen Terminkalender. W\u00e4hle einfach ein passendes Datum und eine verf\u00fcgbare Uhrzeit aus. Trage anschlie\u00dfend deinen Namen, deine Telefonnummer, deine E-Mail und eine kurze Beschreibung ein, was gemacht werden soll. Gerne kannst du mich auch bei WhatsApp kontaktieren: 015201329995 Ich freue mich auf dich \ud83d\ude42 Keine passende Uhrzeit dabei? Sende eine Anfrage im [&hellip;]<\/p>\n","protected":false},"author":1,"featured_media":0,"parent":0,"menu_order":0,"comment_status":"closed","ping_status":"closed","template":"","meta":{"footnotes":""},"class_list":["post-196","page","type-page","status-publish","hentry"],"yoast_head":"<!-- This site is optimized with the Yoast SEO plugin v27.3 - https:\/\/yoast.com\/product\/yoast-seo-wordpress\/ -->\n<title>Booking - celyst<\/title>\n<meta name=\"description\" content=\"Buche jetzt einen Termin f\u00fcr Dreadlocks Erstellung, Pflege und Beratung in Dormagen (zwischen K\u00f6ln und D\u00fcsseldorf).\" \/>\n<meta name=\"robots\" content=\"index, follow, max-snippet:-1, max-image-preview:large, max-video-preview:-1\" \/>\n<link rel=\"canonical\" href=\"https:\/\/www.celyst.de\/dreadlocks\/booking\/\" \/>\n<meta property=\"og:locale\" content=\"de_DE\" \/>\n<meta property=\"og:type\" content=\"article\" \/>\n<meta property=\"og:title\" content=\"Booking - celyst\" \/>\n<meta property=\"og:description\" content=\"Buche jetzt einen Termin f\u00fcr Dreadlocks Erstellung, Pflege und Beratung in Dormagen (zwischen K\u00f6ln und D\u00fcsseldorf).\" \/>\n<meta property=\"og:url\" content=\"https:\/\/www.celyst.de\/dreadlocks\/booking\/\" \/>\n<meta property=\"og:site_name\" content=\"celyst\" \/>\n<meta property=\"article:publisher\" content=\"https:\/\/www.facebook.com\/ceelyst\/\" \/>\n<meta property=\"article:modified_time\" content=\"2025-09-14T18:10:05+00:00\" \/>\n<meta property=\"og:image\" content=\"https:\/\/www.celyst.de\/dreadlocks\/wp-content\/uploads\/2025\/09\/dreadlockstudio-nrw-koeln-duesseldorf.jpeg\" \/>\n<meta name=\"twitter:card\" content=\"summary_large_image\" \/>\n<meta name=\"twitter:label1\" content=\"Gesch\u00e4tzte Lesezeit\" \/>\n\t<meta name=\"twitter:data1\" content=\"1\u00a0Minute\" \/>\n<script type=\"application\/ld+json\" class=\"yoast-schema-graph\">{\"@context\":\"https:\\\/\\\/schema.org\",\"@graph\":[{\"@type\":\"WebPage\",\"@id\":\"https:\\\/\\\/www.celyst.de\\\/dreadlocks\\\/booking\\\/\",\"url\":\"https:\\\/\\\/www.celyst.de\\\/dreadlocks\\\/booking\\\/\",\"name\":\"Booking - celyst\",\"isPartOf\":{\"@id\":\"https:\\\/\\\/www.celyst.de\\\/dreadlocks\\\/#website\"},\"primaryImageOfPage\":{\"@id\":\"https:\\\/\\\/www.celyst.de\\\/dreadlocks\\\/booking\\\/#primaryimage\"},\"image\":{\"@id\":\"https:\\\/\\\/www.celyst.de\\\/dreadlocks\\\/booking\\\/#primaryimage\"},\"thumbnailUrl\":\"https:\\\/\\\/www.celyst.de\\\/dreadlocks\\\/wp-content\\\/uploads\\\/2025\\\/09\\\/dreadlockstudio-nrw-koeln-duesseldorf.jpeg\",\"datePublished\":\"2025-09-01T14:52:39+00:00\",\"dateModified\":\"2025-09-14T18:10:05+00:00\",\"description\":\"Buche jetzt einen Termin f\u00fcr Dreadlocks Erstellung, Pflege und Beratung in Dormagen (zwischen K\u00f6ln und D\u00fcsseldorf).\",\"breadcrumb\":{\"@id\":\"https:\\\/\\\/www.celyst.de\\\/dreadlocks\\\/booking\\\/#breadcrumb\"},\"inLanguage\":\"de\",\"potentialAction\":[{\"@type\":\"ReadAction\",\"target\":[\"https:\\\/\\\/www.celyst.de\\\/dreadlocks\\\/booking\\\/\"]}]},{\"@type\":\"ImageObject\",\"inLanguage\":\"de\",\"@id\":\"https:\\\/\\\/www.celyst.de\\\/dreadlocks\\\/booking\\\/#primaryimage\",\"url\":\"https:\\\/\\\/www.celyst.de\\\/dreadlocks\\\/wp-content\\\/uploads\\\/2025\\\/09\\\/dreadlockstudio-nrw-koeln-duesseldorf.jpeg\",\"contentUrl\":\"https:\\\/\\\/www.celyst.de\\\/dreadlocks\\\/wp-content\\\/uploads\\\/2025\\\/09\\\/dreadlockstudio-nrw-koeln-duesseldorf.jpeg\",\"width\":834,\"height\":834,\"caption\":\"Dreadlocks K\u00f6ln NRW\"},{\"@type\":\"BreadcrumbList\",\"@id\":\"https:\\\/\\\/www.celyst.de\\\/dreadlocks\\\/booking\\\/#breadcrumb\",\"itemListElement\":[{\"@type\":\"ListItem\",\"position\":1,\"name\":\"Startseite\",\"item\":\"https:\\\/\\\/www.celyst.de\\\/dreadlocks\\\/\"},{\"@type\":\"ListItem\",\"position\":2,\"name\":\"Booking\"}]},{\"@type\":\"WebSite\",\"@id\":\"https:\\\/\\\/www.celyst.de\\\/dreadlocks\\\/#website\",\"url\":\"https:\\\/\\\/www.celyst.de\\\/dreadlocks\\\/\",\"name\":\"celyst\",\"description\":\"Dreadlocks and Details\",\"publisher\":{\"@id\":\"https:\\\/\\\/www.celyst.de\\\/dreadlocks\\\/#organization\"},\"potentialAction\":[{\"@type\":\"SearchAction\",\"target\":{\"@type\":\"EntryPoint\",\"urlTemplate\":\"https:\\\/\\\/www.celyst.de\\\/dreadlocks\\\/?s={search_term_string}\"},\"query-input\":{\"@type\":\"PropertyValueSpecification\",\"valueRequired\":true,\"valueName\":\"search_term_string\"}}],\"inLanguage\":\"de\"},{\"@type\":\"Organization\",\"@id\":\"https:\\\/\\\/www.celyst.de\\\/dreadlocks\\\/#organization\",\"name\":\"Celyst\",\"url\":\"https:\\\/\\\/www.celyst.de\\\/dreadlocks\\\/\",\"logo\":{\"@type\":\"ImageObject\",\"inLanguage\":\"de\",\"@id\":\"https:\\\/\\\/www.celyst.de\\\/dreadlocks\\\/#\\\/schema\\\/logo\\\/image\\\/\",\"url\":\"https:\\\/\\\/www.celyst.de\\\/dreadlocks\\\/wp-content\\\/uploads\\\/2025\\\/09\\\/celyst-clothing-dreadlcoks-gemstones.png\",\"contentUrl\":\"https:\\\/\\\/www.celyst.de\\\/dreadlocks\\\/wp-content\\\/uploads\\\/2025\\\/09\\\/celyst-clothing-dreadlcoks-gemstones.png\",\"width\":589,\"height\":589,\"caption\":\"Celyst\"},\"image\":{\"@id\":\"https:\\\/\\\/www.celyst.de\\\/dreadlocks\\\/#\\\/schema\\\/logo\\\/image\\\/\"},\"sameAs\":[\"https:\\\/\\\/www.facebook.com\\\/ceelyst\\\/\",\"https:\\\/\\\/www.instagram.com\\\/celyst__\\\/?hl=de\"]}]}<\/script>\n<!-- \/ Yoast SEO plugin. -->","yoast_head_json":{"title":"Booking - celyst","description":"Buche jetzt einen Termin f\u00fcr Dreadlocks Erstellung, Pflege und Beratung in Dormagen (zwischen K\u00f6ln und D\u00fcsseldorf).","robots":{"index":"index","follow":"follow","max-snippet":"max-snippet:-1","max-image-preview":"max-image-preview:large","max-video-preview":"max-video-preview:-1"},"canonical":"https:\/\/www.celyst.de\/dreadlocks\/booking\/","og_locale":"de_DE","og_type":"article","og_title":"Booking - celyst","og_description":"Buche jetzt einen Termin f\u00fcr Dreadlocks Erstellung, Pflege und Beratung in Dormagen (zwischen K\u00f6ln und D\u00fcsseldorf).","og_url":"https:\/\/www.celyst.de\/dreadlocks\/booking\/","og_site_name":"celyst","article_publisher":"https:\/\/www.facebook.com\/ceelyst\/","article_modified_time":"2025-09-14T18:10:05+00:00","og_image":[{"url":"https:\/\/www.celyst.de\/dreadlocks\/wp-content\/uploads\/2025\/09\/dreadlockstudio-nrw-koeln-duesseldorf.jpeg","type":"","width":"","height":""}],"twitter_card":"summary_large_image","twitter_misc":{"Gesch\u00e4tzte Lesezeit":"1\u00a0Minute"},"schema":{"@context":"https:\/\/schema.org","@graph":[{"@type":"WebPage","@id":"https:\/\/www.celyst.de\/dreadlocks\/booking\/","url":"https:\/\/www.celyst.de\/dreadlocks\/booking\/","name":"Booking - celyst","isPartOf":{"@id":"https:\/\/www.celyst.de\/dreadlocks\/#website"},"primaryImageOfPage":{"@id":"https:\/\/www.celyst.de\/dreadlocks\/booking\/#primaryimage"},"image":{"@id":"https:\/\/www.celyst.de\/dreadlocks\/booking\/#primaryimage"},"thumbnailUrl":"https:\/\/www.celyst.de\/dreadlocks\/wp-content\/uploads\/2025\/09\/dreadlockstudio-nrw-koeln-duesseldorf.jpeg","datePublished":"2025-09-01T14:52:39+00:00","dateModified":"2025-09-14T18:10:05+00:00","description":"Buche jetzt einen Termin f\u00fcr Dreadlocks Erstellung, Pflege und Beratung in Dormagen (zwischen K\u00f6ln und D\u00fcsseldorf).","breadcrumb":{"@id":"https:\/\/www.celyst.de\/dreadlocks\/booking\/#breadcrumb"},"inLanguage":"de","potentialAction":[{"@type":"ReadAction","target":["https:\/\/www.celyst.de\/dreadlocks\/booking\/"]}]},{"@type":"ImageObject","inLanguage":"de","@id":"https:\/\/www.celyst.de\/dreadlocks\/booking\/#primaryimage","url":"https:\/\/www.celyst.de\/dreadlocks\/wp-content\/uploads\/2025\/09\/dreadlockstudio-nrw-koeln-duesseldorf.jpeg","contentUrl":"https:\/\/www.celyst.de\/dreadlocks\/wp-content\/uploads\/2025\/09\/dreadlockstudio-nrw-koeln-duesseldorf.jpeg","width":834,"height":834,"caption":"Dreadlocks K\u00f6ln NRW"},{"@type":"BreadcrumbList","@id":"https:\/\/www.celyst.de\/dreadlocks\/booking\/#breadcrumb","itemListElement":[{"@type":"ListItem","position":1,"name":"Startseite","item":"https:\/\/www.celyst.de\/dreadlocks\/"},{"@type":"ListItem","position":2,"name":"Booking"}]},{"@type":"WebSite","@id":"https:\/\/www.celyst.de\/dreadlocks\/#website","url":"https:\/\/www.celyst.de\/dreadlocks\/","name":"celyst","description":"Dreadlocks and Details","publisher":{"@id":"https:\/\/www.celyst.de\/dreadlocks\/#organization"},"potentialAction":[{"@type":"SearchAction","target":{"@type":"EntryPoint","urlTemplate":"https:\/\/www.celyst.de\/dreadlocks\/?s={search_term_string}"},"query-input":{"@type":"PropertyValueSpecification","valueRequired":true,"valueName":"search_term_string"}}],"inLanguage":"de"},{"@type":"Organization","@id":"https:\/\/www.celyst.de\/dreadlocks\/#organization","name":"Celyst","url":"https:\/\/www.celyst.de\/dreadlocks\/","logo":{"@type":"ImageObject","inLanguage":"de","@id":"https:\/\/www.celyst.de\/dreadlocks\/#\/schema\/logo\/image\/","url":"https:\/\/www.celyst.de\/dreadlocks\/wp-content\/uploads\/2025\/09\/celyst-clothing-dreadlcoks-gemstones.png","contentUrl":"https:\/\/www.celyst.de\/dreadlocks\/wp-content\/uploads\/2025\/09\/celyst-clothing-dreadlcoks-gemstones.png","width":589,"height":589,"caption":"Celyst"},"image":{"@id":"https:\/\/www.celyst.de\/dreadlocks\/#\/schema\/logo\/image\/"},"sameAs":["https:\/\/www.facebook.com\/ceelyst\/","https:\/\/www.instagram.com\/celyst__\/?hl=de"]}]}},"_links":{"self":[{"href":"https:\/\/www.celyst.de\/dreadlocks\/wp-json\/wp\/v2\/pages\/196","targetHints":{"allow":["GET"]}}],"collection":[{"href":"https:\/\/www.celyst.de\/dreadlocks\/wp-json\/wp\/v2\/pages"}],"about":[{"href":"https:\/\/www.celyst.de\/dreadlocks\/wp-json\/wp\/v2\/types\/page"}],"author":[{"embeddable":true,"href":"https:\/\/www.celyst.de\/dreadlocks\/wp-json\/wp\/v2\/users\/1"}],"replies":[{"embeddable":true,"href":"https:\/\/www.celyst.de\/dreadlocks\/wp-json\/wp\/v2\/comments?post=196"}],"version-history":[{"count":21,"href":"https:\/\/www.celyst.de\/dreadlocks\/wp-json\/wp\/v2\/pages\/196\/revisions"}],"predecessor-version":[{"id":847,"href":"https:\/\/www.celyst.de\/dreadlocks\/wp-json\/wp\/v2\/pages\/196\/revisions\/847"}],"wp:attachment":[{"href":"https:\/\/www.celyst.de\/dreadlocks\/wp-json\/wp\/v2\/media?parent=196"}],"curies":[{"name":"wp","href":"https:\/\/api.w.org\/{rel}","templated":true}]}}