{"id":28,"date":"2025-08-21T11:13:07","date_gmt":"2025-08-21T11:13:07","guid":{"rendered":"https:\/\/www.celyst.de\/dreadlocks\/?page_id=28"},"modified":"2025-09-14T15:33:22","modified_gmt":"2025-09-14T15:33:22","slug":"about","status":"publish","type":"page","link":"https:\/\/www.celyst.de\/dreadlocks\/about\/","title":{"rendered":"About"},"content":{"rendered":"\t\t<div data-elementor-type=\"wp-page\" data-elementor-id=\"28\" class=\"elementor elementor-28\">\n\t\t\t\t<div class=\"elementor-element elementor-element-232eabd6 e-flex e-con-boxed e-con e-parent\" data-id=\"232eabd6\" data-element_type=\"container\" data-e-type=\"container\">\n\t\t\t\t\t<div class=\"e-con-inner\">\n\t\t\t\t<div class=\"elementor-element elementor-element-745b07e elementor-widget elementor-widget-image\" data-id=\"745b07e\" data-element_type=\"widget\" data-e-type=\"widget\" data-widget_type=\"image.default\">\n\t\t\t\t\t\t\t\t\t\t\t\t\t\t\t<img fetchpriority=\"high\" decoding=\"async\" width=\"1024\" height=\"683\" src=\"https:\/\/www.celyst.de\/dreadlocks\/wp-content\/uploads\/2025\/09\/dreadlockartist-nrw-dreads-erstellung-1-1024x683.jpeg\" class=\"attachment-large size-large wp-image-90\" alt=\"Dreadlocks Neuersttelung in K\u00f6ln\" srcset=\"https:\/\/www.celyst.de\/dreadlocks\/wp-content\/uploads\/2025\/09\/dreadlockartist-nrw-dreads-erstellung-1-1024x683.jpeg 1024w, https:\/\/www.celyst.de\/dreadlocks\/wp-content\/uploads\/2025\/09\/dreadlockartist-nrw-dreads-erstellung-1-600x400.jpeg 600w, https:\/\/www.celyst.de\/dreadlocks\/wp-content\/uploads\/2025\/09\/dreadlockartist-nrw-dreads-erstellung-1-300x200.jpeg 300w, https:\/\/www.celyst.de\/dreadlocks\/wp-content\/uploads\/2025\/09\/dreadlockartist-nrw-dreads-erstellung-1-768x512.jpeg 768w, https:\/\/www.celyst.de\/dreadlocks\/wp-content\/uploads\/2025\/09\/dreadlockartist-nrw-dreads-erstellung-1-507x338.jpeg 507w, https:\/\/www.celyst.de\/dreadlocks\/wp-content\/uploads\/2025\/09\/dreadlockartist-nrw-dreads-erstellung-1.jpeg 1280w\" sizes=\"(max-width: 1024px) 100vw, 1024px\" \/>\t\t\t\t\t\t\t\t\t\t\t\t\t\t\t<\/div>\n\t\t\t\t\t<\/div>\n\t\t\t\t<\/div>\n\t\t<div class=\"elementor-element elementor-element-9d16d07 e-flex e-con-boxed e-con e-parent\" data-id=\"9d16d07\" data-element_type=\"container\" data-e-type=\"container\">\n\t\t\t\t\t<div class=\"e-con-inner\">\n\t\t<div class=\"elementor-element elementor-element-600d1ae e-con-full e-flex e-con e-child\" data-id=\"600d1ae\" data-element_type=\"container\" data-e-type=\"container\">\n\t\t\t\t<div class=\"elementor-element elementor-element-673d2dd elementor-widget elementor-widget-text-editor\" data-id=\"673d2dd\" data-element_type=\"widget\" data-e-type=\"widget\" data-widget_type=\"text-editor.default\">\n\t\t\t\t\t\t\t\t\t<p><span style=\"color: #999999;\"><span style=\"font-family: arial, sans-serif;\"><span style=\"font-size: medium;\">Heyhey!\u2028 Ich bin Mo und fertige schon seit 2014 Dreadlocks. Damals auf Reisen brachte ich mir Schritt f\u00fcr Schritt das Dreaden bei. Erst an mir selber, dann an Mitreisenden, dann an Menschen die mir begegnet sind und offen f\u00fcr eine neue Frisur waren. So wuchs nicht nur meine Erfahrung, sondern auch meine Freude an diesem Handwerk.<\/span><\/span><\/span><\/p><p><span style=\"color: #999999;\"><span style=\"font-family: arial, sans-serif;\"><span style=\"font-size: medium;\">Seitdem arbeite ich ausschlie\u00dflich mit den H\u00e4kelnadeln zu denen ich damals eigentlich zuf\u00e4llig gegriffen habe. Sie erm\u00f6glichen mir pr\u00e4zises, sauberes und schonendes Arbeiten. \u2028Mit jeder Str\u00e4hne entsteht ein St\u00fcck Pers\u00f6nlichkeit, ein Ausdruck von Individualit\u00e4t und Freiheit. <br \/>F\u00fcr mich bedeutet die Arbeit nicht nur Technik, sondern Begegnung:\u2028 Ich liebe es mit Menschen ins Gespr\u00e4ch zu kommen, Geschichten auszutauschen, neue Leute kennenzulernen.\u2028 Ich freue mich auf dich und darauf, dir eine einzigartige Frisur zu zaubern \ud83d\ude42<\/span><\/span><\/span><\/p>\t\t\t\t\t\t\t\t<\/div>\n\t\t\t\t<div class=\"elementor-element elementor-element-6f5e8cc elementor-widget elementor-widget-image\" data-id=\"6f5e8cc\" data-element_type=\"widget\" data-e-type=\"widget\" data-widget_type=\"image.default\">\n\t\t\t\t\t\t\t\t\t\t\t\t<figure class=\"wp-caption\">\n\t\t\t\t\t\t\t\t\t\t<img decoding=\"async\" width=\"1024\" height=\"1019\" src=\"https:\/\/www.celyst.de\/dreadlocks\/wp-content\/uploads\/2025\/09\/celyst-dreads-frueher-1024x1019.jpg\" class=\"attachment-large size-large wp-image-692\" alt=\"celyst dreadlocks\" srcset=\"https:\/\/www.celyst.de\/dreadlocks\/wp-content\/uploads\/2025\/09\/celyst-dreads-frueher-1024x1019.jpg 1024w, https:\/\/www.celyst.de\/dreadlocks\/wp-content\/uploads\/2025\/09\/celyst-dreads-frueher-300x300.jpg 300w, https:\/\/www.celyst.de\/dreadlocks\/wp-content\/uploads\/2025\/09\/celyst-dreads-frueher-150x150.jpg 150w, https:\/\/www.celyst.de\/dreadlocks\/wp-content\/uploads\/2025\/09\/celyst-dreads-frueher-768x764.jpg 768w, https:\/\/www.celyst.de\/dreadlocks\/wp-content\/uploads\/2025\/09\/celyst-dreads-frueher-600x597.jpg 600w, https:\/\/www.celyst.de\/dreadlocks\/wp-content\/uploads\/2025\/09\/celyst-dreads-frueher-100x100.jpg 100w, https:\/\/www.celyst.de\/dreadlocks\/wp-content\/uploads\/2025\/09\/celyst-dreads-frueher.jpg 1170w\" sizes=\"(max-width: 1024px) 100vw, 1024px\" \/>\t\t\t\t\t\t\t\t\t\t\t<figcaption class=\"widget-image-caption wp-caption-text\">Mini-Mo noch mit blonden Dreads (2017)<\/figcaption>\n\t\t\t\t\t\t\t\t\t\t<\/figure>\n\t\t\t\t\t\t\t\t\t<\/div>\n\t\t\t\t<\/div>\n\t\t<div class=\"elementor-element elementor-element-844a023 e-con-full e-flex e-con e-child\" data-id=\"844a023\" data-element_type=\"container\" data-e-type=\"container\">\n\t\t<div class=\"elementor-element elementor-element-98143f5 e-con-full e-flex e-con e-child\" data-id=\"98143f5\" data-element_type=\"container\" data-e-type=\"container\">\n\t\t\t\t<div class=\"elementor-element elementor-element-39a1506 elementor-widget elementor-widget-image\" data-id=\"39a1506\" data-element_type=\"widget\" data-e-type=\"widget\" data-widget_type=\"image.default\">\n\t\t\t\t\t\t\t\t\t\t\t\t\t\t\t<img decoding=\"async\" width=\"578\" height=\"1024\" src=\"https:\/\/www.celyst.de\/dreadlocks\/wp-content\/uploads\/2025\/09\/Dreadlocks-ersttellung-Pflege-nrw-578x1024.jpeg\" class=\"attachment-large size-large wp-image-192\" alt=\"Dreadllockartist K\u00f6ln, D\u00fcsseldorf\" srcset=\"https:\/\/www.celyst.de\/dreadlocks\/wp-content\/uploads\/2025\/09\/Dreadlocks-ersttellung-Pflege-nrw-578x1024.jpeg 578w, https:\/\/www.celyst.de\/dreadlocks\/wp-content\/uploads\/2025\/09\/Dreadlocks-ersttellung-Pflege-nrw-scaled-600x1063.jpeg 600w, https:\/\/www.celyst.de\/dreadlocks\/wp-content\/uploads\/2025\/09\/Dreadlocks-ersttellung-Pflege-nrw-169x300.jpeg 169w, https:\/\/www.celyst.de\/dreadlocks\/wp-content\/uploads\/2025\/09\/Dreadlocks-ersttellung-Pflege-nrw-768x1361.jpeg 768w, https:\/\/www.celyst.de\/dreadlocks\/wp-content\/uploads\/2025\/09\/Dreadlocks-ersttellung-Pflege-nrw-867x1536.jpeg 867w, https:\/\/www.celyst.de\/dreadlocks\/wp-content\/uploads\/2025\/09\/Dreadlocks-ersttellung-Pflege-nrw-1156x2048.jpeg 1156w, https:\/\/www.celyst.de\/dreadlocks\/wp-content\/uploads\/2025\/09\/Dreadlocks-ersttellung-Pflege-nrw-scaled.jpeg 1445w\" sizes=\"(max-width: 578px) 100vw, 578px\" \/>\t\t\t\t\t\t\t\t\t\t\t\t\t\t\t<\/div>\n\t\t\t\t<\/div>\n\t\t\t\t<\/div>\n\t\t\t\t\t<\/div>\n\t\t\t\t<\/div>\n\t\t\t\t<\/div>\n\t\t","protected":false},"excerpt":{"rendered":"<p>Heyhey!\u2028 Ich bin Mo und fertige schon seit 2014 Dreadlocks. Damals auf Reisen brachte ich mir Schritt f\u00fcr Schritt das Dreaden bei. Erst an mir selber, dann an Mitreisenden, dann an Menschen die mir begegnet sind und offen f\u00fcr eine neue Frisur waren. So wuchs nicht nur meine Erfahrung, sondern auch meine Freude an diesem [&hellip;]<\/p>\n","protected":false},"author":1,"featured_media":0,"parent":0,"menu_order":0,"comment_status":"closed","ping_status":"closed","template":"","meta":{"footnotes":""},"class_list":["post-28","page","type-page","status-publish","hentry"],"yoast_head":"<!-- This site is optimized with the Yoast SEO plugin v27.3 - https:\/\/yoast.com\/product\/yoast-seo-wordpress\/ -->\n<title>About - celyst<\/title>\n<meta name=\"description\" content=\"Erfahre mir \u00fcber Celyst: 10 Jahre Erfahrung mit Dreadlocks, professionelle Neuerstellung, Pflege und Beratung in Dormagen, zwischen K\u00f6ln und D\u00fcsseldorf.\" \/>\n<meta name=\"robots\" content=\"index, follow, max-snippet:-1, max-image-preview:large, max-video-preview:-1\" \/>\n<link rel=\"canonical\" href=\"https:\/\/www.celyst.de\/dreadlocks\/about\/\" \/>\n<meta property=\"og:locale\" content=\"de_DE\" \/>\n<meta property=\"og:type\" content=\"article\" \/>\n<meta property=\"og:title\" content=\"About - celyst\" \/>\n<meta property=\"og:description\" content=\"Erfahre mir \u00fcber Celyst: 10 Jahre Erfahrung mit Dreadlocks, professionelle Neuerstellung, Pflege und Beratung in Dormagen, zwischen K\u00f6ln und D\u00fcsseldorf.\" \/>\n<meta property=\"og:url\" content=\"https:\/\/www.celyst.de\/dreadlocks\/about\/\" \/>\n<meta property=\"og:site_name\" content=\"celyst\" \/>\n<meta property=\"article:publisher\" content=\"https:\/\/www.facebook.com\/ceelyst\/\" \/>\n<meta property=\"article:modified_time\" content=\"2025-09-14T15:33:22+00:00\" \/>\n<meta property=\"og:image\" content=\"https:\/\/www.celyst.de\/dreadlocks\/wp-content\/uploads\/2025\/09\/dreadlockartist-nrw-dreads-erstellung-1-1024x683.jpeg\" \/>\n<meta name=\"twitter:card\" content=\"summary_large_image\" \/>\n<meta name=\"twitter:label1\" content=\"Gesch\u00e4tzte Lesezeit\" \/>\n\t<meta name=\"twitter:data1\" content=\"1\u00a0Minute\" \/>\n<script type=\"application\/ld+json\" class=\"yoast-schema-graph\">{\"@context\":\"https:\\\/\\\/schema.org\",\"@graph\":[{\"@type\":\"WebPage\",\"@id\":\"https:\\\/\\\/www.celyst.de\\\/dreadlocks\\\/about\\\/\",\"url\":\"https:\\\/\\\/www.celyst.de\\\/dreadlocks\\\/about\\\/\",\"name\":\"About - celyst\",\"isPartOf\":{\"@id\":\"https:\\\/\\\/www.celyst.de\\\/dreadlocks\\\/#website\"},\"primaryImageOfPage\":{\"@id\":\"https:\\\/\\\/www.celyst.de\\\/dreadlocks\\\/about\\\/#primaryimage\"},\"image\":{\"@id\":\"https:\\\/\\\/www.celyst.de\\\/dreadlocks\\\/about\\\/#primaryimage\"},\"thumbnailUrl\":\"https:\\\/\\\/www.celyst.de\\\/dreadlocks\\\/wp-content\\\/uploads\\\/2025\\\/09\\\/dreadlockartist-nrw-dreads-erstellung-1-1024x683.jpeg\",\"datePublished\":\"2025-08-21T11:13:07+00:00\",\"dateModified\":\"2025-09-14T15:33:22+00:00\",\"description\":\"Erfahre mir \u00fcber Celyst: 10 Jahre Erfahrung mit Dreadlocks, professionelle Neuerstellung, Pflege und Beratung in Dormagen, zwischen K\u00f6ln und D\u00fcsseldorf.\",\"breadcrumb\":{\"@id\":\"https:\\\/\\\/www.celyst.de\\\/dreadlocks\\\/about\\\/#breadcrumb\"},\"inLanguage\":\"de\",\"potentialAction\":[{\"@type\":\"ReadAction\",\"target\":[\"https:\\\/\\\/www.celyst.de\\\/dreadlocks\\\/about\\\/\"]}]},{\"@type\":\"ImageObject\",\"inLanguage\":\"de\",\"@id\":\"https:\\\/\\\/www.celyst.de\\\/dreadlocks\\\/about\\\/#primaryimage\",\"url\":\"https:\\\/\\\/www.celyst.de\\\/dreadlocks\\\/wp-content\\\/uploads\\\/2025\\\/09\\\/dreadlockartist-nrw-dreads-erstellung-1.jpeg\",\"contentUrl\":\"https:\\\/\\\/www.celyst.de\\\/dreadlocks\\\/wp-content\\\/uploads\\\/2025\\\/09\\\/dreadlockartist-nrw-dreads-erstellung-1.jpeg\",\"width\":1280,\"height\":854,\"caption\":\"Dreadlocks Neuersttelung in K\u00f6ln\"},{\"@type\":\"BreadcrumbList\",\"@id\":\"https:\\\/\\\/www.celyst.de\\\/dreadlocks\\\/about\\\/#breadcrumb\",\"itemListElement\":[{\"@type\":\"ListItem\",\"position\":1,\"name\":\"Startseite\",\"item\":\"https:\\\/\\\/www.celyst.de\\\/dreadlocks\\\/\"},{\"@type\":\"ListItem\",\"position\":2,\"name\":\"About\"}]},{\"@type\":\"WebSite\",\"@id\":\"https:\\\/\\\/www.celyst.de\\\/dreadlocks\\\/#website\",\"url\":\"https:\\\/\\\/www.celyst.de\\\/dreadlocks\\\/\",\"name\":\"celyst\",\"description\":\"Dreadlocks and Details\",\"publisher\":{\"@id\":\"https:\\\/\\\/www.celyst.de\\\/dreadlocks\\\/#organization\"},\"potentialAction\":[{\"@type\":\"SearchAction\",\"target\":{\"@type\":\"EntryPoint\",\"urlTemplate\":\"https:\\\/\\\/www.celyst.de\\\/dreadlocks\\\/?s={search_term_string}\"},\"query-input\":{\"@type\":\"PropertyValueSpecification\",\"valueRequired\":true,\"valueName\":\"search_term_string\"}}],\"inLanguage\":\"de\"},{\"@type\":\"Organization\",\"@id\":\"https:\\\/\\\/www.celyst.de\\\/dreadlocks\\\/#organization\",\"name\":\"Celyst\",\"url\":\"https:\\\/\\\/www.celyst.de\\\/dreadlocks\\\/\",\"logo\":{\"@type\":\"ImageObject\",\"inLanguage\":\"de\",\"@id\":\"https:\\\/\\\/www.celyst.de\\\/dreadlocks\\\/#\\\/schema\\\/logo\\\/image\\\/\",\"url\":\"https:\\\/\\\/www.celyst.de\\\/dreadlocks\\\/wp-content\\\/uploads\\\/2025\\\/09\\\/celyst-clothing-dreadlcoks-gemstones.png\",\"contentUrl\":\"https:\\\/\\\/www.celyst.de\\\/dreadlocks\\\/wp-content\\\/uploads\\\/2025\\\/09\\\/celyst-clothing-dreadlcoks-gemstones.png\",\"width\":589,\"height\":589,\"caption\":\"Celyst\"},\"image\":{\"@id\":\"https:\\\/\\\/www.celyst.de\\\/dreadlocks\\\/#\\\/schema\\\/logo\\\/image\\\/\"},\"sameAs\":[\"https:\\\/\\\/www.facebook.com\\\/ceelyst\\\/\",\"https:\\\/\\\/www.instagram.com\\\/celyst__\\\/?hl=de\"]}]}<\/script>\n<!-- \/ Yoast SEO plugin. -->","yoast_head_json":{"title":"About - celyst","description":"Erfahre mir \u00fcber Celyst: 10 Jahre Erfahrung mit Dreadlocks, professionelle Neuerstellung, Pflege und Beratung in Dormagen, zwischen K\u00f6ln und D\u00fcsseldorf.","robots":{"index":"index","follow":"follow","max-snippet":"max-snippet:-1","max-image-preview":"max-image-preview:large","max-video-preview":"max-video-preview:-1"},"canonical":"https:\/\/www.celyst.de\/dreadlocks\/about\/","og_locale":"de_DE","og_type":"article","og_title":"About - celyst","og_description":"Erfahre mir \u00fcber Celyst: 10 Jahre Erfahrung mit Dreadlocks, professionelle Neuerstellung, Pflege und Beratung in Dormagen, zwischen K\u00f6ln und D\u00fcsseldorf.","og_url":"https:\/\/www.celyst.de\/dreadlocks\/about\/","og_site_name":"celyst","article_publisher":"https:\/\/www.facebook.com\/ceelyst\/","article_modified_time":"2025-09-14T15:33:22+00:00","og_image":[{"url":"https:\/\/www.celyst.de\/dreadlocks\/wp-content\/uploads\/2025\/09\/dreadlockartist-nrw-dreads-erstellung-1-1024x683.jpeg","type":"","width":"","height":""}],"twitter_card":"summary_large_image","twitter_misc":{"Gesch\u00e4tzte Lesezeit":"1\u00a0Minute"},"schema":{"@context":"https:\/\/schema.org","@graph":[{"@type":"WebPage","@id":"https:\/\/www.celyst.de\/dreadlocks\/about\/","url":"https:\/\/www.celyst.de\/dreadlocks\/about\/","name":"About - celyst","isPartOf":{"@id":"https:\/\/www.celyst.de\/dreadlocks\/#website"},"primaryImageOfPage":{"@id":"https:\/\/www.celyst.de\/dreadlocks\/about\/#primaryimage"},"image":{"@id":"https:\/\/www.celyst.de\/dreadlocks\/about\/#primaryimage"},"thumbnailUrl":"https:\/\/www.celyst.de\/dreadlocks\/wp-content\/uploads\/2025\/09\/dreadlockartist-nrw-dreads-erstellung-1-1024x683.jpeg","datePublished":"2025-08-21T11:13:07+00:00","dateModified":"2025-09-14T15:33:22+00:00","description":"Erfahre mir \u00fcber Celyst: 10 Jahre Erfahrung mit Dreadlocks, professionelle Neuerstellung, Pflege und Beratung in Dormagen, zwischen K\u00f6ln und D\u00fcsseldorf.","breadcrumb":{"@id":"https:\/\/www.celyst.de\/dreadlocks\/about\/#breadcrumb"},"inLanguage":"de","potentialAction":[{"@type":"ReadAction","target":["https:\/\/www.celyst.de\/dreadlocks\/about\/"]}]},{"@type":"ImageObject","inLanguage":"de","@id":"https:\/\/www.celyst.de\/dreadlocks\/about\/#primaryimage","url":"https:\/\/www.celyst.de\/dreadlocks\/wp-content\/uploads\/2025\/09\/dreadlockartist-nrw-dreads-erstellung-1.jpeg","contentUrl":"https:\/\/www.celyst.de\/dreadlocks\/wp-content\/uploads\/2025\/09\/dreadlockartist-nrw-dreads-erstellung-1.jpeg","width":1280,"height":854,"caption":"Dreadlocks Neuersttelung in K\u00f6ln"},{"@type":"BreadcrumbList","@id":"https:\/\/www.celyst.de\/dreadlocks\/about\/#breadcrumb","itemListElement":[{"@type":"ListItem","position":1,"name":"Startseite","item":"https:\/\/www.celyst.de\/dreadlocks\/"},{"@type":"ListItem","position":2,"name":"About"}]},{"@type":"WebSite","@id":"https:\/\/www.celyst.de\/dreadlocks\/#website","url":"https:\/\/www.celyst.de\/dreadlocks\/","name":"celyst","description":"Dreadlocks and Details","publisher":{"@id":"https:\/\/www.celyst.de\/dreadlocks\/#organization"},"potentialAction":[{"@type":"SearchAction","target":{"@type":"EntryPoint","urlTemplate":"https:\/\/www.celyst.de\/dreadlocks\/?s={search_term_string}"},"query-input":{"@type":"PropertyValueSpecification","valueRequired":true,"valueName":"search_term_string"}}],"inLanguage":"de"},{"@type":"Organization","@id":"https:\/\/www.celyst.de\/dreadlocks\/#organization","name":"Celyst","url":"https:\/\/www.celyst.de\/dreadlocks\/","logo":{"@type":"ImageObject","inLanguage":"de","@id":"https:\/\/www.celyst.de\/dreadlocks\/#\/schema\/logo\/image\/","url":"https:\/\/www.celyst.de\/dreadlocks\/wp-content\/uploads\/2025\/09\/celyst-clothing-dreadlcoks-gemstones.png","contentUrl":"https:\/\/www.celyst.de\/dreadlocks\/wp-content\/uploads\/2025\/09\/celyst-clothing-dreadlcoks-gemstones.png","width":589,"height":589,"caption":"Celyst"},"image":{"@id":"https:\/\/www.celyst.de\/dreadlocks\/#\/schema\/logo\/image\/"},"sameAs":["https:\/\/www.facebook.com\/ceelyst\/","https:\/\/www.instagram.com\/celyst__\/?hl=de"]}]}},"_links":{"self":[{"href":"https:\/\/www.celyst.de\/dreadlocks\/wp-json\/wp\/v2\/pages\/28","targetHints":{"allow":["GET"]}}],"collection":[{"href":"https:\/\/www.celyst.de\/dreadlocks\/wp-json\/wp\/v2\/pages"}],"about":[{"href":"https:\/\/www.celyst.de\/dreadlocks\/wp-json\/wp\/v2\/types\/page"}],"author":[{"embeddable":true,"href":"https:\/\/www.celyst.de\/dreadlocks\/wp-json\/wp\/v2\/users\/1"}],"replies":[{"embeddable":true,"href":"https:\/\/www.celyst.de\/dreadlocks\/wp-json\/wp\/v2\/comments?post=28"}],"version-history":[{"count":29,"href":"https:\/\/www.celyst.de\/dreadlocks\/wp-json\/wp\/v2\/pages\/28\/revisions"}],"predecessor-version":[{"id":829,"href":"https:\/\/www.celyst.de\/dreadlocks\/wp-json\/wp\/v2\/pages\/28\/revisions\/829"}],"wp:attachment":[{"href":"https:\/\/www.celyst.de\/dreadlocks\/wp-json\/wp\/v2\/media?parent=28"}],"curies":[{"name":"wp","href":"https:\/\/api.w.org\/{rel}","templated":true}]}}