{"id":39,"date":"2025-08-21T11:37:56","date_gmt":"2025-08-21T11:37:56","guid":{"rendered":"https:\/\/www.celyst.de\/dreadlocks\/?page_id=39"},"modified":"2025-09-13T13:13:50","modified_gmt":"2025-09-13T13:13:50","slug":"widerrufbelehrung","status":"publish","type":"page","link":"https:\/\/www.celyst.de\/dreadlocks\/widerrufbelehrung\/","title":{"rendered":"Widerrufbelehrung"},"content":{"rendered":"\t\t<div data-elementor-type=\"wp-page\" data-elementor-id=\"39\" class=\"elementor elementor-39\">\n\t\t\t\t<div class=\"elementor-element elementor-element-858d61d e-flex e-con-boxed e-con e-parent\" data-id=\"858d61d\" data-element_type=\"container\" data-e-type=\"container\">\n\t\t\t\t\t<div class=\"e-con-inner\">\n\t\t\t\t<div class=\"elementor-element elementor-element-cd2f45e elementor-widget elementor-widget-text-editor\" data-id=\"cd2f45e\" data-element_type=\"widget\" data-e-type=\"widget\" data-widget_type=\"text-editor.default\">\n\t\t\t\t\t\t\t\t\t<p><b>Widerrufsrecht f\u00fcr Verbraucher<\/b><\/p><p>(Verbraucher ist jede nat\u00fcrliche Person, die ein Rechtsgesch\u00e4ft zu Zwecken abschlie\u00dft, die \u00fcberwiegend weder ihrer gewerblichen noch ihrer selbstst\u00e4ndigen beruflichen T\u00e4tigkeit zugerechnet werden k\u00f6nnen.)<\/p><p><b>1. Widerrufsrecht bei Waren (Produktk\u00e4ufe)<\/b><\/p><p>Sie haben das Recht, binnen 14 Tagen ohne Angabe von Gr\u00fcnden diesen Vertrag zu widerrufen.<\/p><p>Die Widerrufsfrist betr\u00e4gt 14 Tage ab dem Tag,<\/p><p>\u2022an dem Sie oder ein von Ihnen benannter Dritter, der nicht der Bef\u00f6rderer ist, die <b>Waren<\/b> in Besitz genommen haben;<\/p><p>\u2022bei Teillieferungen: ab dem Tag, an dem Sie die <b>letzte Ware<\/b> in Besitz genommen haben.<\/p><p>Um Ihr Widerrufsrecht auszu\u00fcben, m\u00fcssen Sie uns (Maria Keller, Robert-Koch-Stra\u00dfe 18, 41539 Dormagen, Telefon: +49 152 01329995, E-Mail: dreadlocks@celyst.de) mittels einer eindeutigen Erkl\u00e4rung (z. B. per Brief oder E-Mail) \u00fcber Ihren Entschluss, diesen Vertrag zu widerrufen, informieren. Sie k\u00f6nnen daf\u00fcr das unten beigef\u00fcgte <b>Muster-Widerrufsformular<\/b> verwenden, das jedoch nicht vorgeschrieben ist.<\/p><p>Zur Wahrung der Frist reicht es aus, dass Sie die Mitteilung vor Ablauf der Widerrufsfrist absenden.<\/p><p><b>2. Widerrufsrecht bei Dienstleistungen (Dreadlocks-Termine)<\/b><\/p><p>Auch f\u00fcr Vertr\u00e4ge \u00fcber Dienstleistungen haben Sie grunds\u00e4tzlich 14 Tage Widerrufsrecht ab Vertragsschluss.<\/p><p><b>Besonderer Hinweis:<\/b><\/p><p>Das Widerrufsrecht <b>erlischt<\/b>, wenn wir die Dienstleistung vollst\u00e4ndig erbracht haben <b>und<\/b> wir mit der Ausf\u00fchrung erst begonnen haben, nachdem Sie <b>ausdr\u00fccklich zugestimmt<\/b> haben, dass wir vor Ablauf der Widerrufsfrist mit der Ausf\u00fchrung beginnen, und Sie <b>best\u00e4tigt<\/b> haben, dass Sie mit Beginn der Ausf\u00fchrung Ihr Widerrufsrecht <b>verlieren<\/b>.<\/p><p>Dies ist insbesondere der Fall bei kurzfristig gebuchten Terminen innerhalb der 14-Tage-Frist, wenn Sie der Ausf\u00fchrung vor Fristende zustimmen.<\/p><p><b>3. Folgen des Widerrufs (Waren)<\/b><\/p><p>Wenn Sie diesen Vertrag widerrufen, erstatten wir Ihnen <b>alle Zahlungen<\/b>, die wir von Ihnen erhalten haben, einschlie\u00dflich der Lieferkosten (mit Ausnahme der zus\u00e4tzlichen Kosten, die sich daraus ergeben, dass Sie eine andere Art der Lieferung als die von uns angebotene, g\u00fcnstigste Standardlieferung gew\u00e4hlt haben), unverz\u00fcglich und sp\u00e4testens binnen <b>14 Tagen<\/b> ab dem Tag, an dem die Mitteilung \u00fcber Ihren Widerruf bei uns eingegangen ist.<\/p><p>F\u00fcr die R\u00fcckzahlung verwenden wir dasselbe Zahlungsmittel wie bei der urspr\u00fcnglichen Transaktion, es sei denn, mit Ihnen wurde ausdr\u00fccklich etwas anderes vereinbart; Ihnen entstehen durch die R\u00fcckzahlung <b>keine Entgelte<\/b>.<\/p><p>Wir k\u00f6nnen die R\u00fcckzahlung <b>verweigern<\/b>, bis wir die Waren wieder zur\u00fcckerhalten haben oder bis Sie den Nachweis erbracht haben, dass Sie die Waren zur\u00fcckgesandt haben \u2013 je nachdem, welches der fr\u00fchere Zeitpunkt ist.<\/p><p>Sie haben die Waren unverz\u00fcglich und in jedem Fall sp\u00e4testens binnen <b>14 Tagen<\/b> ab dem Tag, an dem Sie uns \u00fcber den Widerruf unterrichten, an uns zur\u00fcckzusenden oder zu \u00fcbergeben. Die Frist ist gewahrt, wenn Sie die Waren vor Ablauf der Frist von 14 Tagen absenden.<\/p><p><b>Sie tragen die unmittelbaren Kosten der R\u00fccksendung<\/b> der Waren.<\/p><p>Sie m\u00fcssen f\u00fcr einen etwaigen <b>Wertverlust<\/b> der Waren nur aufkommen, wenn dieser Wertverlust auf einen zur Pr\u00fcfung der Beschaffenheit, Eigenschaften und Funktionsweise der Waren <b>nicht notwendigen Umgang<\/b> mit ihnen zur\u00fcckzuf\u00fchren ist.<\/p><p><b>4. Ausschluss- bzw. Erl\u00f6schensgr\u00fcnde<\/b><\/p><p>Das Widerrufsrecht besteht <b>nicht<\/b> bei Vertr\u00e4gen<\/p><p>\u2022zur Lieferung von Waren, die <b>nicht vorgefertigt<\/b> sind und f\u00fcr deren Herstellung eine <b>individuelle Auswahl<\/b> oder <b>Bestimmung<\/b> durch den Verbraucher ma\u00dfgeblich ist oder die eindeutig auf die <b>pers\u00f6nlichen Bed\u00fcrfnisse<\/b> des Verbrauchers zugeschnitten sind;<\/p><p>\u2022zur Lieferung von Waren, die <b>schnell verderben<\/b> k\u00f6nnen oder deren Verfallsdatum schnell \u00fcberschritten w\u00fcrde;<\/p><p>\u2022zur Lieferung von <b>Zeitungen, Zeitschriften oder Illustrierten<\/b> mit Ausnahme von Abonnement-Vertr\u00e4gen.<\/p><p>Das Widerrufsrecht <b>erlischt vorzeitig<\/b> bei Vertr\u00e4gen<\/p><p>\u2022zur Lieferung <b>versiegelter Waren<\/b>, die aus Gr\u00fcnden des <b>Gesundheitsschutzes<\/b> oder der <b>Hygiene<\/b> nicht zur R\u00fcckgabe geeignet sind, wenn ihre Versiegelung nach der Lieferung entfernt wurde;<\/p><p>\u2022zur Lieferung von Waren, wenn diese <b>nach der Lieferung untrennbar<\/b> mit anderen G\u00fctern vermischt wurden;<\/p><p>\u2022<b>bei Dienstleistungen<\/b> (z. B. Dreadlocks-Terminen), wenn die Leistung vollst\u00e4ndig erbracht wurde <b>und<\/b> Sie zuvor ausdr\u00fccklich zugestimmt haben, dass wir vor Ablauf der Widerrufsfrist mit der Ausf\u00fchrung beginnen, und Sie Ihre <b>Kenntnis vom Verlust des Widerrufsrechts<\/b> best\u00e4tigt haben.<\/p><p><b>5. Muster-Widerrufsformular<\/b><\/p><p>(Wenn Sie den Vertrag widerrufen wollen, f\u00fcllen Sie dieses Formular aus und senden Sie es zur\u00fcck.)<\/p><p>An: <b>Maria Keller<\/b>, Robert-Koch-Stra\u00dfe 18, 41539 Dormagen, E-Mail: dreadlocks@celyst.de<\/p><p>Hiermit widerrufe(n) ich\/wir (<i>) den von mir\/uns (<\/i>) abgeschlossenen Vertrag \u00fcber<\/p><p>\u2014 den Kauf der folgenden Waren (<i>) \/ die Erbringung der folgenden Dienstleistung (<\/i>)<\/p><p>\u2014 Bestellt am (<i>) \/ erhalten am (<\/i>)<\/p><p>\u2014 Name des\/der Verbraucher(s)<\/p><p>\u2014 Anschrift des\/der Verbraucher(s)<\/p><p>\u2014 Unterschrift des\/der Verbraucher(s) (nur bei Mitteilung auf Papier)<\/p><p>\u2014 Datum<\/p><p>(*) Unzutreffendes streichen.<\/p>\t\t\t\t\t\t\t\t<\/div>\n\t\t\t\t\t<\/div>\n\t\t\t\t<\/div>\n\t\t\t\t<\/div>\n\t\t","protected":false},"excerpt":{"rendered":"<p>Widerrufsrecht f\u00fcr Verbraucher (Verbraucher ist jede nat\u00fcrliche Person, die ein Rechtsgesch\u00e4ft zu Zwecken abschlie\u00dft, die \u00fcberwiegend weder ihrer gewerblichen noch ihrer selbstst\u00e4ndigen beruflichen T\u00e4tigkeit zugerechnet werden k\u00f6nnen.) 1. Widerrufsrecht bei Waren (Produktk\u00e4ufe) Sie haben das Recht, binnen 14 Tagen ohne Angabe von Gr\u00fcnden diesen Vertrag zu widerrufen. Die Widerrufsfrist betr\u00e4gt 14 Tage ab dem Tag, [&hellip;]<\/p>\n","protected":false},"author":1,"featured_media":0,"parent":0,"menu_order":0,"comment_status":"closed","ping_status":"closed","template":"","meta":{"footnotes":""},"class_list":["post-39","page","type-page","status-publish","hentry"],"yoast_head":"<!-- This site is optimized with the Yoast SEO plugin v27.3 - https:\/\/yoast.com\/product\/yoast-seo-wordpress\/ -->\n<title>Widerrufbelehrung - celyst<\/title>\n<meta name=\"robots\" content=\"index, follow, max-snippet:-1, max-image-preview:large, max-video-preview:-1\" \/>\n<link rel=\"canonical\" href=\"https:\/\/www.celyst.de\/dreadlocks\/widerrufbelehrung\/\" \/>\n<meta property=\"og:locale\" content=\"de_DE\" \/>\n<meta property=\"og:type\" content=\"article\" \/>\n<meta property=\"og:title\" content=\"Widerrufbelehrung - celyst\" \/>\n<meta property=\"og:description\" content=\"Widerrufsrecht f\u00fcr Verbraucher (Verbraucher ist jede nat\u00fcrliche Person, die ein Rechtsgesch\u00e4ft zu Zwecken abschlie\u00dft, die \u00fcberwiegend weder ihrer gewerblichen noch ihrer selbstst\u00e4ndigen beruflichen T\u00e4tigkeit zugerechnet werden k\u00f6nnen.) 1. Widerrufsrecht bei Waren (Produktk\u00e4ufe) Sie haben das Recht, binnen 14 Tagen ohne Angabe von Gr\u00fcnden diesen Vertrag zu widerrufen. Die Widerrufsfrist betr\u00e4gt 14 Tage ab dem Tag, [&hellip;]\" \/>\n<meta property=\"og:url\" content=\"https:\/\/www.celyst.de\/dreadlocks\/widerrufbelehrung\/\" \/>\n<meta property=\"og:site_name\" content=\"celyst\" \/>\n<meta property=\"article:publisher\" content=\"https:\/\/www.facebook.com\/ceelyst\/\" \/>\n<meta property=\"article:modified_time\" content=\"2025-09-13T13:13:50+00:00\" \/>\n<meta name=\"twitter:card\" content=\"summary_large_image\" \/>\n<meta name=\"twitter:label1\" content=\"Gesch\u00e4tzte Lesezeit\" \/>\n\t<meta name=\"twitter:data1\" content=\"4\u00a0Minuten\" \/>\n<script type=\"application\/ld+json\" class=\"yoast-schema-graph\">{\"@context\":\"https:\\\/\\\/schema.org\",\"@graph\":[{\"@type\":\"WebPage\",\"@id\":\"https:\\\/\\\/www.celyst.de\\\/dreadlocks\\\/widerrufbelehrung\\\/\",\"url\":\"https:\\\/\\\/www.celyst.de\\\/dreadlocks\\\/widerrufbelehrung\\\/\",\"name\":\"Widerrufbelehrung - celyst\",\"isPartOf\":{\"@id\":\"https:\\\/\\\/www.celyst.de\\\/dreadlocks\\\/#website\"},\"datePublished\":\"2025-08-21T11:37:56+00:00\",\"dateModified\":\"2025-09-13T13:13:50+00:00\",\"breadcrumb\":{\"@id\":\"https:\\\/\\\/www.celyst.de\\\/dreadlocks\\\/widerrufbelehrung\\\/#breadcrumb\"},\"inLanguage\":\"de\",\"potentialAction\":[{\"@type\":\"ReadAction\",\"target\":[\"https:\\\/\\\/www.celyst.de\\\/dreadlocks\\\/widerrufbelehrung\\\/\"]}]},{\"@type\":\"BreadcrumbList\",\"@id\":\"https:\\\/\\\/www.celyst.de\\\/dreadlocks\\\/widerrufbelehrung\\\/#breadcrumb\",\"itemListElement\":[{\"@type\":\"ListItem\",\"position\":1,\"name\":\"Startseite\",\"item\":\"https:\\\/\\\/www.celyst.de\\\/dreadlocks\\\/\"},{\"@type\":\"ListItem\",\"position\":2,\"name\":\"Widerrufbelehrung\"}]},{\"@type\":\"WebSite\",\"@id\":\"https:\\\/\\\/www.celyst.de\\\/dreadlocks\\\/#website\",\"url\":\"https:\\\/\\\/www.celyst.de\\\/dreadlocks\\\/\",\"name\":\"celyst\",\"description\":\"Dreadlocks and Details\",\"publisher\":{\"@id\":\"https:\\\/\\\/www.celyst.de\\\/dreadlocks\\\/#organization\"},\"potentialAction\":[{\"@type\":\"SearchAction\",\"target\":{\"@type\":\"EntryPoint\",\"urlTemplate\":\"https:\\\/\\\/www.celyst.de\\\/dreadlocks\\\/?s={search_term_string}\"},\"query-input\":{\"@type\":\"PropertyValueSpecification\",\"valueRequired\":true,\"valueName\":\"search_term_string\"}}],\"inLanguage\":\"de\"},{\"@type\":\"Organization\",\"@id\":\"https:\\\/\\\/www.celyst.de\\\/dreadlocks\\\/#organization\",\"name\":\"Celyst\",\"url\":\"https:\\\/\\\/www.celyst.de\\\/dreadlocks\\\/\",\"logo\":{\"@type\":\"ImageObject\",\"inLanguage\":\"de\",\"@id\":\"https:\\\/\\\/www.celyst.de\\\/dreadlocks\\\/#\\\/schema\\\/logo\\\/image\\\/\",\"url\":\"https:\\\/\\\/www.celyst.de\\\/dreadlocks\\\/wp-content\\\/uploads\\\/2025\\\/09\\\/celyst-clothing-dreadlcoks-gemstones.png\",\"contentUrl\":\"https:\\\/\\\/www.celyst.de\\\/dreadlocks\\\/wp-content\\\/uploads\\\/2025\\\/09\\\/celyst-clothing-dreadlcoks-gemstones.png\",\"width\":589,\"height\":589,\"caption\":\"Celyst\"},\"image\":{\"@id\":\"https:\\\/\\\/www.celyst.de\\\/dreadlocks\\\/#\\\/schema\\\/logo\\\/image\\\/\"},\"sameAs\":[\"https:\\\/\\\/www.facebook.com\\\/ceelyst\\\/\",\"https:\\\/\\\/www.instagram.com\\\/celyst__\\\/?hl=de\"]}]}<\/script>\n<!-- \/ Yoast SEO plugin. -->","yoast_head_json":{"title":"Widerrufbelehrung - celyst","robots":{"index":"index","follow":"follow","max-snippet":"max-snippet:-1","max-image-preview":"max-image-preview:large","max-video-preview":"max-video-preview:-1"},"canonical":"https:\/\/www.celyst.de\/dreadlocks\/widerrufbelehrung\/","og_locale":"de_DE","og_type":"article","og_title":"Widerrufbelehrung - celyst","og_description":"Widerrufsrecht f\u00fcr Verbraucher (Verbraucher ist jede nat\u00fcrliche Person, die ein Rechtsgesch\u00e4ft zu Zwecken abschlie\u00dft, die \u00fcberwiegend weder ihrer gewerblichen noch ihrer selbstst\u00e4ndigen beruflichen T\u00e4tigkeit zugerechnet werden k\u00f6nnen.) 1. Widerrufsrecht bei Waren (Produktk\u00e4ufe) Sie haben das Recht, binnen 14 Tagen ohne Angabe von Gr\u00fcnden diesen Vertrag zu widerrufen. Die Widerrufsfrist betr\u00e4gt 14 Tage ab dem Tag, [&hellip;]","og_url":"https:\/\/www.celyst.de\/dreadlocks\/widerrufbelehrung\/","og_site_name":"celyst","article_publisher":"https:\/\/www.facebook.com\/ceelyst\/","article_modified_time":"2025-09-13T13:13:50+00:00","twitter_card":"summary_large_image","twitter_misc":{"Gesch\u00e4tzte Lesezeit":"4\u00a0Minuten"},"schema":{"@context":"https:\/\/schema.org","@graph":[{"@type":"WebPage","@id":"https:\/\/www.celyst.de\/dreadlocks\/widerrufbelehrung\/","url":"https:\/\/www.celyst.de\/dreadlocks\/widerrufbelehrung\/","name":"Widerrufbelehrung - celyst","isPartOf":{"@id":"https:\/\/www.celyst.de\/dreadlocks\/#website"},"datePublished":"2025-08-21T11:37:56+00:00","dateModified":"2025-09-13T13:13:50+00:00","breadcrumb":{"@id":"https:\/\/www.celyst.de\/dreadlocks\/widerrufbelehrung\/#breadcrumb"},"inLanguage":"de","potentialAction":[{"@type":"ReadAction","target":["https:\/\/www.celyst.de\/dreadlocks\/widerrufbelehrung\/"]}]},{"@type":"BreadcrumbList","@id":"https:\/\/www.celyst.de\/dreadlocks\/widerrufbelehrung\/#breadcrumb","itemListElement":[{"@type":"ListItem","position":1,"name":"Startseite","item":"https:\/\/www.celyst.de\/dreadlocks\/"},{"@type":"ListItem","position":2,"name":"Widerrufbelehrung"}]},{"@type":"WebSite","@id":"https:\/\/www.celyst.de\/dreadlocks\/#website","url":"https:\/\/www.celyst.de\/dreadlocks\/","name":"celyst","description":"Dreadlocks and Details","publisher":{"@id":"https:\/\/www.celyst.de\/dreadlocks\/#organization"},"potentialAction":[{"@type":"SearchAction","target":{"@type":"EntryPoint","urlTemplate":"https:\/\/www.celyst.de\/dreadlocks\/?s={search_term_string}"},"query-input":{"@type":"PropertyValueSpecification","valueRequired":true,"valueName":"search_term_string"}}],"inLanguage":"de"},{"@type":"Organization","@id":"https:\/\/www.celyst.de\/dreadlocks\/#organization","name":"Celyst","url":"https:\/\/www.celyst.de\/dreadlocks\/","logo":{"@type":"ImageObject","inLanguage":"de","@id":"https:\/\/www.celyst.de\/dreadlocks\/#\/schema\/logo\/image\/","url":"https:\/\/www.celyst.de\/dreadlocks\/wp-content\/uploads\/2025\/09\/celyst-clothing-dreadlcoks-gemstones.png","contentUrl":"https:\/\/www.celyst.de\/dreadlocks\/wp-content\/uploads\/2025\/09\/celyst-clothing-dreadlcoks-gemstones.png","width":589,"height":589,"caption":"Celyst"},"image":{"@id":"https:\/\/www.celyst.de\/dreadlocks\/#\/schema\/logo\/image\/"},"sameAs":["https:\/\/www.facebook.com\/ceelyst\/","https:\/\/www.instagram.com\/celyst__\/?hl=de"]}]}},"_links":{"self":[{"href":"https:\/\/www.celyst.de\/dreadlocks\/wp-json\/wp\/v2\/pages\/39","targetHints":{"allow":["GET"]}}],"collection":[{"href":"https:\/\/www.celyst.de\/dreadlocks\/wp-json\/wp\/v2\/pages"}],"about":[{"href":"https:\/\/www.celyst.de\/dreadlocks\/wp-json\/wp\/v2\/types\/page"}],"author":[{"embeddable":true,"href":"https:\/\/www.celyst.de\/dreadlocks\/wp-json\/wp\/v2\/users\/1"}],"replies":[{"embeddable":true,"href":"https:\/\/www.celyst.de\/dreadlocks\/wp-json\/wp\/v2\/comments?post=39"}],"version-history":[{"count":7,"href":"https:\/\/www.celyst.de\/dreadlocks\/wp-json\/wp\/v2\/pages\/39\/revisions"}],"predecessor-version":[{"id":691,"href":"https:\/\/www.celyst.de\/dreadlocks\/wp-json\/wp\/v2\/pages\/39\/revisions\/691"}],"wp:attachment":[{"href":"https:\/\/www.celyst.de\/dreadlocks\/wp-json\/wp\/v2\/media?parent=39"}],"curies":[{"name":"wp","href":"https:\/\/api.w.org\/{rel}","templated":true}]}}