{"id":96,"date":"2025-09-01T10:12:44","date_gmt":"2025-09-01T10:12:44","guid":{"rendered":"https:\/\/www.celyst.de\/dreadlocks\/?page_id=96"},"modified":"2025-10-15T18:05:57","modified_gmt":"2025-10-15T18:05:57","slug":"celyst-dreadlocks","status":"publish","type":"page","link":"https:\/\/www.celyst.de\/dreadlocks\/","title":{"rendered":"Dreadlocks NRW"},"content":{"rendered":"\t\t<div data-elementor-type=\"wp-page\" data-elementor-id=\"96\" class=\"elementor elementor-96\">\n\t\t\t\t<div class=\"elementor-element elementor-element-8989f08 e-flex e-con-boxed e-con e-parent\" data-id=\"8989f08\" data-element_type=\"container\" data-e-type=\"container\">\n\t\t\t\t\t<div class=\"e-con-inner\">\n\t\t\t\t<div class=\"elementor-element elementor-element-ba8a74a elementor-widget elementor-widget-text-editor\" data-id=\"ba8a74a\" data-element_type=\"widget\" data-e-type=\"widget\" data-widget_type=\"text-editor.default\">\n\t\t\t\t\t\t\t\t\t<p>Dreadlocks, Neuerstellung, Pflege und Beratung &#8211; direkt hier in Dormagen (zwischen K\u00f6ln &amp; D\u00fcsseldorf), NRW.<br \/>Hier findest du Infos rund um meine Arbeit, meine Technik und wie du deinem pers\u00f6nlichen Dreadlock-Traum n\u00e4her kommst.<\/p>\t\t\t\t\t\t\t\t<\/div>\n\t\t\t\t\t<\/div>\n\t\t\t\t<\/div>\n\t\t<div class=\"elementor-element elementor-element-13b0a40 e-con-full e-flex e-con e-parent\" data-id=\"13b0a40\" data-element_type=\"container\" data-e-type=\"container\">\n\t\t\t\t<div class=\"elementor-element elementor-element-7f5e9c3 elementor-widget elementor-widget-image\" data-id=\"7f5e9c3\" data-element_type=\"widget\" data-e-type=\"widget\" data-widget_type=\"image.default\">\n\t\t\t\t\t\t\t\t\t\t\t\t\t\t\t<img fetchpriority=\"high\" decoding=\"async\" width=\"1024\" height=\"439\" src=\"https:\/\/www.celyst.de\/dreadlocks\/wp-content\/uploads\/2025\/09\/dreads-hippie-nr-koeln-duesseldorf-1024x439.jpg\" class=\"attachment-large size-large wp-image-86\" alt=\"Dreadlocks K\u00f6ln und D\u00fcsseldorf\" srcset=\"https:\/\/www.celyst.de\/dreadlocks\/wp-content\/uploads\/2025\/09\/dreads-hippie-nr-koeln-duesseldorf-1024x439.jpg 1024w, https:\/\/www.celyst.de\/dreadlocks\/wp-content\/uploads\/2025\/09\/dreads-hippie-nr-koeln-duesseldorf-600x257.jpg 600w, https:\/\/www.celyst.de\/dreadlocks\/wp-content\/uploads\/2025\/09\/dreads-hippie-nr-koeln-duesseldorf-300x129.jpg 300w, https:\/\/www.celyst.de\/dreadlocks\/wp-content\/uploads\/2025\/09\/dreads-hippie-nr-koeln-duesseldorf-768x329.jpg 768w, https:\/\/www.celyst.de\/dreadlocks\/wp-content\/uploads\/2025\/09\/dreads-hippie-nr-koeln-duesseldorf-1536x659.jpg 1536w, https:\/\/www.celyst.de\/dreadlocks\/wp-content\/uploads\/2025\/09\/dreads-hippie-nr-koeln-duesseldorf-2048x878.jpg 2048w\" sizes=\"(max-width: 1024px) 100vw, 1024px\" \/>\t\t\t\t\t\t\t\t\t\t\t\t\t\t\t<\/div>\n\t\t\t\t<\/div>\n\t\t<div class=\"elementor-element elementor-element-dd2adb4 e-flex e-con-boxed e-con e-parent\" data-id=\"dd2adb4\" data-element_type=\"container\" data-e-type=\"container\">\n\t\t\t\t\t<div class=\"e-con-inner\">\n\t\t\t\t<div class=\"elementor-element elementor-element-5a91ca4 elementor-widget elementor-widget-text-editor\" data-id=\"5a91ca4\" data-element_type=\"widget\" data-e-type=\"widget\" data-widget_type=\"text-editor.default\">\n\t\t\t\t\t\t\t\t\t<p>Du kommst nicht aus Dormagen?<br \/>F\u00fcr direkte Anfragen, Preiskalkulation oder wenn du einen Haubesuch vereinbaren m\u00f6chtest, nutze gerne das <span style=\"text-decoration: underline;\"><em><a href=\"https:\/\/www.celyst.de\/dreadlocks\/kontaktformular\/\">Kontaktformular<\/a><\/em><\/span> oder kontaktier mich auf WhatsApp: 015201329995.<\/p>\t\t\t\t\t\t\t\t<\/div>\n\t\t\t\t\t<\/div>\n\t\t\t\t<\/div>\n\t\t<div class=\"elementor-element elementor-element-b6b76fc e-flex e-con-boxed e-con e-parent\" data-id=\"b6b76fc\" data-element_type=\"container\" data-e-type=\"container\">\n\t\t\t\t\t<div class=\"e-con-inner\">\n\t\t<div class=\"elementor-element elementor-element-bcda5c3 e-con-full e-flex e-con e-child\" data-id=\"bcda5c3\" data-element_type=\"container\" data-e-type=\"container\">\n\t\t\t\t<div class=\"elementor-element elementor-element-cd8824d elementor-widget elementor-widget-image\" data-id=\"cd8824d\" data-element_type=\"widget\" data-e-type=\"widget\" data-widget_type=\"image.default\">\n\t\t\t\t\t\t\t\t\t\t\t\t\t\t\t<img decoding=\"async\" width=\"1024\" height=\"1024\" src=\"https:\/\/www.celyst.de\/dreadlocks\/wp-content\/uploads\/2025\/09\/dreads-dreadlocks-nrw-neuerstellung-1024x1024.jpg\" class=\"attachment-large size-large wp-image-89\" alt=\"Dreads NRW\" srcset=\"https:\/\/www.celyst.de\/dreadlocks\/wp-content\/uploads\/2025\/09\/dreads-dreadlocks-nrw-neuerstellung-1024x1024.jpg 1024w, https:\/\/www.celyst.de\/dreadlocks\/wp-content\/uploads\/2025\/09\/dreads-dreadlocks-nrw-neuerstellung-300x300.jpg 300w, https:\/\/www.celyst.de\/dreadlocks\/wp-content\/uploads\/2025\/09\/dreads-dreadlocks-nrw-neuerstellung-100x100.jpg 100w, https:\/\/www.celyst.de\/dreadlocks\/wp-content\/uploads\/2025\/09\/dreads-dreadlocks-nrw-neuerstellung-600x600.jpg 600w, https:\/\/www.celyst.de\/dreadlocks\/wp-content\/uploads\/2025\/09\/dreads-dreadlocks-nrw-neuerstellung-150x150.jpg 150w, https:\/\/www.celyst.de\/dreadlocks\/wp-content\/uploads\/2025\/09\/dreads-dreadlocks-nrw-neuerstellung-768x768.jpg 768w, https:\/\/www.celyst.de\/dreadlocks\/wp-content\/uploads\/2025\/09\/dreads-dreadlocks-nrw-neuerstellung-666x666.jpg 666w, https:\/\/www.celyst.de\/dreadlocks\/wp-content\/uploads\/2025\/09\/dreads-dreadlocks-nrw-neuerstellung.jpg 1267w\" sizes=\"(max-width: 1024px) 100vw, 1024px\" \/>\t\t\t\t\t\t\t\t\t\t\t\t\t\t\t<\/div>\n\t\t\t\t<div class=\"elementor-element elementor-element-74daff9 elementor-widget__width-initial elementor-widget elementor-widget-image\" data-id=\"74daff9\" data-element_type=\"widget\" data-e-type=\"widget\" data-widget_type=\"image.default\">\n\t\t\t\t\t\t\t\t\t\t\t\t\t\t\t<img decoding=\"async\" width=\"526\" height=\"878\" src=\"https:\/\/www.celyst.de\/dreadlocks\/wp-content\/uploads\/2025\/09\/dreads-nrw-dreadlocks-dormagen.png\" class=\"attachment-large size-large wp-image-707\" alt=\"dreads now Dormagen\" srcset=\"https:\/\/www.celyst.de\/dreadlocks\/wp-content\/uploads\/2025\/09\/dreads-nrw-dreadlocks-dormagen.png 526w, https:\/\/www.celyst.de\/dreadlocks\/wp-content\/uploads\/2025\/09\/dreads-nrw-dreadlocks-dormagen-180x300.png 180w\" sizes=\"(max-width: 526px) 100vw, 526px\" \/>\t\t\t\t\t\t\t\t\t\t\t\t\t\t\t<\/div>\n\t\t\t\t<\/div>\n\t\t<div class=\"elementor-element elementor-element-5fc001a e-con-full e-flex e-con e-child\" data-id=\"5fc001a\" data-element_type=\"container\" data-e-type=\"container\">\n\t\t\t\t<div class=\"elementor-element elementor-element-e560758 elementor-widget elementor-widget-image\" data-id=\"e560758\" data-element_type=\"widget\" data-e-type=\"widget\" data-widget_type=\"image.default\">\n\t\t\t\t\t\t\t\t\t\t\t\t\t\t\t<img loading=\"lazy\" decoding=\"async\" width=\"768\" height=\"1024\" src=\"https:\/\/www.celyst.de\/dreadlocks\/wp-content\/uploads\/2025\/09\/dreadlocks-celyst-nrw-viking-768x1024.jpg\" class=\"attachment-large size-large wp-image-854\" alt=\"\" srcset=\"https:\/\/www.celyst.de\/dreadlocks\/wp-content\/uploads\/2025\/09\/dreadlocks-celyst-nrw-viking-768x1024.jpg 768w, https:\/\/www.celyst.de\/dreadlocks\/wp-content\/uploads\/2025\/09\/dreadlocks-celyst-nrw-viking-225x300.jpg 225w, https:\/\/www.celyst.de\/dreadlocks\/wp-content\/uploads\/2025\/09\/dreadlocks-celyst-nrw-viking-600x800.jpg 600w, https:\/\/www.celyst.de\/dreadlocks\/wp-content\/uploads\/2025\/09\/dreadlocks-celyst-nrw-viking.jpg 786w\" sizes=\"(max-width: 768px) 100vw, 768px\" \/>\t\t\t\t\t\t\t\t\t\t\t\t\t\t\t<\/div>\n\t\t\t\t<div class=\"elementor-element elementor-element-d37a1f1 elementor-widget__width-initial elementor-widget elementor-widget-image\" data-id=\"d37a1f1\" data-element_type=\"widget\" data-e-type=\"widget\" data-widget_type=\"image.default\">\n\t\t\t\t\t\t\t\t\t\t\t\t\t\t\t<img loading=\"lazy\" decoding=\"async\" width=\"490\" height=\"859\" src=\"https:\/\/www.celyst.de\/dreadlocks\/wp-content\/uploads\/2025\/09\/neuerstellung-dreadlocks-dreads-dormagen.png\" class=\"attachment-large size-large wp-image-708\" alt=\"dreadlocks Dormagen\" srcset=\"https:\/\/www.celyst.de\/dreadlocks\/wp-content\/uploads\/2025\/09\/neuerstellung-dreadlocks-dreads-dormagen.png 490w, https:\/\/www.celyst.de\/dreadlocks\/wp-content\/uploads\/2025\/09\/neuerstellung-dreadlocks-dreads-dormagen-171x300.png 171w\" sizes=\"(max-width: 490px) 100vw, 490px\" \/>\t\t\t\t\t\t\t\t\t\t\t\t\t\t\t<\/div>\n\t\t\t\t<\/div>\n\t\t<div class=\"elementor-element elementor-element-82f2ba8 e-con-full e-flex e-con e-child\" data-id=\"82f2ba8\" data-element_type=\"container\" data-e-type=\"container\">\n\t\t\t\t<div class=\"elementor-element elementor-element-ab78385 elementor-widget__width-initial elementor-widget elementor-widget-image\" data-id=\"ab78385\" data-element_type=\"widget\" data-e-type=\"widget\" data-widget_type=\"image.default\">\n\t\t\t\t\t\t\t\t\t\t\t\t\t\t\t<img loading=\"lazy\" decoding=\"async\" width=\"1024\" height=\"1024\" src=\"https:\/\/www.celyst.de\/dreadlocks\/wp-content\/uploads\/2025\/09\/dreadlock-neuerstellung-pflege-koeln-1-1024x1024.jpg\" class=\"attachment-large size-large wp-image-92\" alt=\"Neuerstellung von Dreads K\u00f6ln\" srcset=\"https:\/\/www.celyst.de\/dreadlocks\/wp-content\/uploads\/2025\/09\/dreadlock-neuerstellung-pflege-koeln-1-1024x1024.jpg 1024w, https:\/\/www.celyst.de\/dreadlocks\/wp-content\/uploads\/2025\/09\/dreadlock-neuerstellung-pflege-koeln-1-300x300.jpg 300w, https:\/\/www.celyst.de\/dreadlocks\/wp-content\/uploads\/2025\/09\/dreadlock-neuerstellung-pflege-koeln-1-100x100.jpg 100w, https:\/\/www.celyst.de\/dreadlocks\/wp-content\/uploads\/2025\/09\/dreadlock-neuerstellung-pflege-koeln-1-600x600.jpg 600w, https:\/\/www.celyst.de\/dreadlocks\/wp-content\/uploads\/2025\/09\/dreadlock-neuerstellung-pflege-koeln-1-150x150.jpg 150w, https:\/\/www.celyst.de\/dreadlocks\/wp-content\/uploads\/2025\/09\/dreadlock-neuerstellung-pflege-koeln-1-768x768.jpg 768w, https:\/\/www.celyst.de\/dreadlocks\/wp-content\/uploads\/2025\/09\/dreadlock-neuerstellung-pflege-koeln-1-666x666.jpg 666w, https:\/\/www.celyst.de\/dreadlocks\/wp-content\/uploads\/2025\/09\/dreadlock-neuerstellung-pflege-koeln-1.jpg 1280w\" sizes=\"(max-width: 1024px) 100vw, 1024px\" \/>\t\t\t\t\t\t\t\t\t\t\t\t\t\t\t<\/div>\n\t\t\t\t<div class=\"elementor-element elementor-element-3d5a1a4 elementor-widget__width-initial elementor-widget elementor-widget-image\" data-id=\"3d5a1a4\" data-element_type=\"widget\" data-e-type=\"widget\" data-widget_type=\"image.default\">\n\t\t\t\t\t\t\t\t\t\t\t\t\t\t\t<img loading=\"lazy\" decoding=\"async\" width=\"614\" height=\"1024\" src=\"https:\/\/www.celyst.de\/dreadlocks\/wp-content\/uploads\/2025\/09\/dreadlocks-dormagen-duesseldorf-dreads-614x1024.jpg\" class=\"attachment-large size-large wp-image-716\" alt=\"dreadlocks cellist\" srcset=\"https:\/\/www.celyst.de\/dreadlocks\/wp-content\/uploads\/2025\/09\/dreadlocks-dormagen-duesseldorf-dreads-614x1024.jpg 614w, https:\/\/www.celyst.de\/dreadlocks\/wp-content\/uploads\/2025\/09\/dreadlocks-dormagen-duesseldorf-dreads-180x300.jpg 180w, https:\/\/www.celyst.de\/dreadlocks\/wp-content\/uploads\/2025\/09\/dreadlocks-dormagen-duesseldorf-dreads-768x1280.jpg 768w, https:\/\/www.celyst.de\/dreadlocks\/wp-content\/uploads\/2025\/09\/dreadlocks-dormagen-duesseldorf-dreads-922x1536.jpg 922w, https:\/\/www.celyst.de\/dreadlocks\/wp-content\/uploads\/2025\/09\/dreadlocks-dormagen-duesseldorf-dreads-600x1000.jpg 600w, https:\/\/www.celyst.de\/dreadlocks\/wp-content\/uploads\/2025\/09\/dreadlocks-dormagen-duesseldorf-dreads.jpg 1170w\" sizes=\"(max-width: 614px) 100vw, 614px\" \/>\t\t\t\t\t\t\t\t\t\t\t\t\t\t\t<\/div>\n\t\t\t\t<\/div>\n\t\t\t\t\t<\/div>\n\t\t\t\t<\/div>\n\t\t\t\t<\/div>\n\t\t","protected":false},"excerpt":{"rendered":"<p>Dreadlocks, Neuerstellung, Pflege und Beratung &#8211; direkt hier in Dormagen (zwischen K\u00f6ln &amp; D\u00fcsseldorf), NRW.Hier findest du Infos rund um meine Arbeit, meine Technik und wie du deinem pers\u00f6nlichen Dreadlock-Traum n\u00e4her kommst. Du kommst nicht aus Dormagen?F\u00fcr direkte Anfragen, Preiskalkulation oder wenn du einen Haubesuch vereinbaren m\u00f6chtest, nutze gerne das Kontaktformular oder kontaktier mich auf [&hellip;]<\/p>\n","protected":false},"author":1,"featured_media":0,"parent":0,"menu_order":0,"comment_status":"closed","ping_status":"closed","template":"","meta":{"footnotes":""},"class_list":["post-96","page","type-page","status-publish","hentry"],"yoast_head":"<!-- This site is optimized with the Yoast SEO plugin v27.3 - https:\/\/yoast.com\/product\/yoast-seo-wordpress\/ -->\n<title>Dreadlocks NRW - celyst<\/title>\n<meta name=\"description\" content=\"Dreadlocks, Neuerstellung, Pflege und Beratung \u2013 direkt hier in Dormagen (zwischen K\u00f6ln &amp; D\u00fcsseldorf), NRW. Hier findest du Infos rund um meine Arbeit, meine Technik und wie du deinem pers\u00f6nlichen Dreadlock-Traum n\u00e4her kommst.\" \/>\n<meta name=\"robots\" content=\"index, follow, max-snippet:-1, max-image-preview:large, max-video-preview:-1\" \/>\n<link rel=\"canonical\" href=\"https:\/\/www.celyst.de\/dreadlocks\/\" \/>\n<meta property=\"og:locale\" content=\"de_DE\" \/>\n<meta property=\"og:type\" content=\"article\" \/>\n<meta property=\"og:title\" content=\"Celyst\" \/>\n<meta property=\"og:description\" content=\"Dreadlocks, Neuerstellung, Pflege und Beratung \u2013 direkt hier in Dormagen (zwischen K\u00f6ln &amp; D\u00fcsseldorf), NRW.Hier findest du Infos rund um meine Arbeit, meine Technik und wie du deinem pers\u00f6nlichen Dreadlock-Traum n\u00e4her kommst.\" \/>\n<meta property=\"og:url\" content=\"https:\/\/www.celyst.de\/dreadlocks\/\" \/>\n<meta property=\"og:site_name\" content=\"celyst\" \/>\n<meta property=\"article:publisher\" content=\"https:\/\/www.facebook.com\/ceelyst\/\" \/>\n<meta property=\"article:modified_time\" content=\"2025-10-15T18:05:57+00:00\" \/>\n<meta name=\"twitter:card\" content=\"summary_large_image\" \/>\n<meta name=\"twitter:image\" content=\"https:\/\/www.celyst.de\/dreadlocks\/wp-content\/uploads\/2025\/09\/dreads-hippie-nr-koeln-duesseldorf.jpg\" \/>\n<meta name=\"twitter:label1\" content=\"Gesch\u00e4tzte Lesezeit\" \/>\n\t<meta name=\"twitter:data1\" content=\"1\u00a0Minute\" \/>\n<script type=\"application\/ld+json\" class=\"yoast-schema-graph\">{\"@context\":\"https:\\\/\\\/schema.org\",\"@graph\":[{\"@type\":\"WebPage\",\"@id\":\"https:\\\/\\\/www.celyst.de\\\/dreadlocks\\\/\",\"url\":\"https:\\\/\\\/www.celyst.de\\\/dreadlocks\\\/\",\"name\":\"Dreadlocks NRW - celyst\",\"isPartOf\":{\"@id\":\"https:\\\/\\\/www.celyst.de\\\/dreadlocks\\\/#website\"},\"primaryImageOfPage\":{\"@id\":\"https:\\\/\\\/www.celyst.de\\\/dreadlocks\\\/#primaryimage\"},\"image\":{\"@id\":\"https:\\\/\\\/www.celyst.de\\\/dreadlocks\\\/#primaryimage\"},\"thumbnailUrl\":\"https:\\\/\\\/www.celyst.de\\\/dreadlocks\\\/wp-content\\\/uploads\\\/2025\\\/09\\\/dreads-hippie-nr-koeln-duesseldorf-1024x439.jpg\",\"datePublished\":\"2025-09-01T10:12:44+00:00\",\"dateModified\":\"2025-10-15T18:05:57+00:00\",\"description\":\"Dreadlocks, Neuerstellung, Pflege und Beratung \u2013 direkt hier in Dormagen (zwischen K\u00f6ln & D\u00fcsseldorf), NRW. Hier findest du Infos rund um meine Arbeit, meine Technik und wie du deinem pers\u00f6nlichen Dreadlock-Traum n\u00e4her kommst.\",\"breadcrumb\":{\"@id\":\"https:\\\/\\\/www.celyst.de\\\/dreadlocks\\\/#breadcrumb\"},\"inLanguage\":\"de\",\"potentialAction\":[{\"@type\":\"ReadAction\",\"target\":[\"https:\\\/\\\/www.celyst.de\\\/dreadlocks\\\/\"]}]},{\"@type\":\"ImageObject\",\"inLanguage\":\"de\",\"@id\":\"https:\\\/\\\/www.celyst.de\\\/dreadlocks\\\/#primaryimage\",\"url\":\"https:\\\/\\\/www.celyst.de\\\/dreadlocks\\\/wp-content\\\/uploads\\\/2025\\\/09\\\/dreads-hippie-nr-koeln-duesseldorf.jpg\",\"contentUrl\":\"https:\\\/\\\/www.celyst.de\\\/dreadlocks\\\/wp-content\\\/uploads\\\/2025\\\/09\\\/dreads-hippie-nr-koeln-duesseldorf.jpg\",\"width\":2376,\"height\":1019,\"caption\":\"Dreadlocks K\u00f6ln und D\u00fcsseldorf\"},{\"@type\":\"BreadcrumbList\",\"@id\":\"https:\\\/\\\/www.celyst.de\\\/dreadlocks\\\/#breadcrumb\",\"itemListElement\":[{\"@type\":\"ListItem\",\"position\":1,\"name\":\"Startseite\",\"item\":\"https:\\\/\\\/www.celyst.de\\\/dreadlocks\\\/\"},{\"@type\":\"ListItem\",\"position\":2,\"name\":\"Dreadlocks NRW\"}]},{\"@type\":\"WebSite\",\"@id\":\"https:\\\/\\\/www.celyst.de\\\/dreadlocks\\\/#website\",\"url\":\"https:\\\/\\\/www.celyst.de\\\/dreadlocks\\\/\",\"name\":\"celyst\",\"description\":\"Dreadlocks and Details\",\"publisher\":{\"@id\":\"https:\\\/\\\/www.celyst.de\\\/dreadlocks\\\/#organization\"},\"potentialAction\":[{\"@type\":\"SearchAction\",\"target\":{\"@type\":\"EntryPoint\",\"urlTemplate\":\"https:\\\/\\\/www.celyst.de\\\/dreadlocks\\\/?s={search_term_string}\"},\"query-input\":{\"@type\":\"PropertyValueSpecification\",\"valueRequired\":true,\"valueName\":\"search_term_string\"}}],\"inLanguage\":\"de\"},{\"@type\":\"Organization\",\"@id\":\"https:\\\/\\\/www.celyst.de\\\/dreadlocks\\\/#organization\",\"name\":\"Celyst\",\"url\":\"https:\\\/\\\/www.celyst.de\\\/dreadlocks\\\/\",\"logo\":{\"@type\":\"ImageObject\",\"inLanguage\":\"de\",\"@id\":\"https:\\\/\\\/www.celyst.de\\\/dreadlocks\\\/#\\\/schema\\\/logo\\\/image\\\/\",\"url\":\"https:\\\/\\\/www.celyst.de\\\/dreadlocks\\\/wp-content\\\/uploads\\\/2025\\\/09\\\/celyst-clothing-dreadlcoks-gemstones.png\",\"contentUrl\":\"https:\\\/\\\/www.celyst.de\\\/dreadlocks\\\/wp-content\\\/uploads\\\/2025\\\/09\\\/celyst-clothing-dreadlcoks-gemstones.png\",\"width\":589,\"height\":589,\"caption\":\"Celyst\"},\"image\":{\"@id\":\"https:\\\/\\\/www.celyst.de\\\/dreadlocks\\\/#\\\/schema\\\/logo\\\/image\\\/\"},\"sameAs\":[\"https:\\\/\\\/www.facebook.com\\\/ceelyst\\\/\",\"https:\\\/\\\/www.instagram.com\\\/celyst__\\\/?hl=de\"]}]}<\/script>\n<!-- \/ Yoast SEO plugin. -->","yoast_head_json":{"title":"Dreadlocks NRW - celyst","description":"Dreadlocks, Neuerstellung, Pflege und Beratung \u2013 direkt hier in Dormagen (zwischen K\u00f6ln & D\u00fcsseldorf), NRW. Hier findest du Infos rund um meine Arbeit, meine Technik und wie du deinem pers\u00f6nlichen Dreadlock-Traum n\u00e4her kommst.","robots":{"index":"index","follow":"follow","max-snippet":"max-snippet:-1","max-image-preview":"max-image-preview:large","max-video-preview":"max-video-preview:-1"},"canonical":"https:\/\/www.celyst.de\/dreadlocks\/","og_locale":"de_DE","og_type":"article","og_title":"Celyst","og_description":"Dreadlocks, Neuerstellung, Pflege und Beratung \u2013 direkt hier in Dormagen (zwischen K\u00f6ln & D\u00fcsseldorf), NRW.Hier findest du Infos rund um meine Arbeit, meine Technik und wie du deinem pers\u00f6nlichen Dreadlock-Traum n\u00e4her kommst.","og_url":"https:\/\/www.celyst.de\/dreadlocks\/","og_site_name":"celyst","article_publisher":"https:\/\/www.facebook.com\/ceelyst\/","article_modified_time":"2025-10-15T18:05:57+00:00","twitter_card":"summary_large_image","twitter_image":"https:\/\/www.celyst.de\/dreadlocks\/wp-content\/uploads\/2025\/09\/dreads-hippie-nr-koeln-duesseldorf.jpg","twitter_misc":{"Gesch\u00e4tzte Lesezeit":"1\u00a0Minute"},"schema":{"@context":"https:\/\/schema.org","@graph":[{"@type":"WebPage","@id":"https:\/\/www.celyst.de\/dreadlocks\/","url":"https:\/\/www.celyst.de\/dreadlocks\/","name":"Dreadlocks NRW - celyst","isPartOf":{"@id":"https:\/\/www.celyst.de\/dreadlocks\/#website"},"primaryImageOfPage":{"@id":"https:\/\/www.celyst.de\/dreadlocks\/#primaryimage"},"image":{"@id":"https:\/\/www.celyst.de\/dreadlocks\/#primaryimage"},"thumbnailUrl":"https:\/\/www.celyst.de\/dreadlocks\/wp-content\/uploads\/2025\/09\/dreads-hippie-nr-koeln-duesseldorf-1024x439.jpg","datePublished":"2025-09-01T10:12:44+00:00","dateModified":"2025-10-15T18:05:57+00:00","description":"Dreadlocks, Neuerstellung, Pflege und Beratung \u2013 direkt hier in Dormagen (zwischen K\u00f6ln & D\u00fcsseldorf), NRW. Hier findest du Infos rund um meine Arbeit, meine Technik und wie du deinem pers\u00f6nlichen Dreadlock-Traum n\u00e4her kommst.","breadcrumb":{"@id":"https:\/\/www.celyst.de\/dreadlocks\/#breadcrumb"},"inLanguage":"de","potentialAction":[{"@type":"ReadAction","target":["https:\/\/www.celyst.de\/dreadlocks\/"]}]},{"@type":"ImageObject","inLanguage":"de","@id":"https:\/\/www.celyst.de\/dreadlocks\/#primaryimage","url":"https:\/\/www.celyst.de\/dreadlocks\/wp-content\/uploads\/2025\/09\/dreads-hippie-nr-koeln-duesseldorf.jpg","contentUrl":"https:\/\/www.celyst.de\/dreadlocks\/wp-content\/uploads\/2025\/09\/dreads-hippie-nr-koeln-duesseldorf.jpg","width":2376,"height":1019,"caption":"Dreadlocks K\u00f6ln und D\u00fcsseldorf"},{"@type":"BreadcrumbList","@id":"https:\/\/www.celyst.de\/dreadlocks\/#breadcrumb","itemListElement":[{"@type":"ListItem","position":1,"name":"Startseite","item":"https:\/\/www.celyst.de\/dreadlocks\/"},{"@type":"ListItem","position":2,"name":"Dreadlocks NRW"}]},{"@type":"WebSite","@id":"https:\/\/www.celyst.de\/dreadlocks\/#website","url":"https:\/\/www.celyst.de\/dreadlocks\/","name":"celyst","description":"Dreadlocks and Details","publisher":{"@id":"https:\/\/www.celyst.de\/dreadlocks\/#organization"},"potentialAction":[{"@type":"SearchAction","target":{"@type":"EntryPoint","urlTemplate":"https:\/\/www.celyst.de\/dreadlocks\/?s={search_term_string}"},"query-input":{"@type":"PropertyValueSpecification","valueRequired":true,"valueName":"search_term_string"}}],"inLanguage":"de"},{"@type":"Organization","@id":"https:\/\/www.celyst.de\/dreadlocks\/#organization","name":"Celyst","url":"https:\/\/www.celyst.de\/dreadlocks\/","logo":{"@type":"ImageObject","inLanguage":"de","@id":"https:\/\/www.celyst.de\/dreadlocks\/#\/schema\/logo\/image\/","url":"https:\/\/www.celyst.de\/dreadlocks\/wp-content\/uploads\/2025\/09\/celyst-clothing-dreadlcoks-gemstones.png","contentUrl":"https:\/\/www.celyst.de\/dreadlocks\/wp-content\/uploads\/2025\/09\/celyst-clothing-dreadlcoks-gemstones.png","width":589,"height":589,"caption":"Celyst"},"image":{"@id":"https:\/\/www.celyst.de\/dreadlocks\/#\/schema\/logo\/image\/"},"sameAs":["https:\/\/www.facebook.com\/ceelyst\/","https:\/\/www.instagram.com\/celyst__\/?hl=de"]}]}},"_links":{"self":[{"href":"https:\/\/www.celyst.de\/dreadlocks\/wp-json\/wp\/v2\/pages\/96","targetHints":{"allow":["GET"]}}],"collection":[{"href":"https:\/\/www.celyst.de\/dreadlocks\/wp-json\/wp\/v2\/pages"}],"about":[{"href":"https:\/\/www.celyst.de\/dreadlocks\/wp-json\/wp\/v2\/types\/page"}],"author":[{"embeddable":true,"href":"https:\/\/www.celyst.de\/dreadlocks\/wp-json\/wp\/v2\/users\/1"}],"replies":[{"embeddable":true,"href":"https:\/\/www.celyst.de\/dreadlocks\/wp-json\/wp\/v2\/comments?post=96"}],"version-history":[{"count":107,"href":"https:\/\/www.celyst.de\/dreadlocks\/wp-json\/wp\/v2\/pages\/96\/revisions"}],"predecessor-version":[{"id":946,"href":"https:\/\/www.celyst.de\/dreadlocks\/wp-json\/wp\/v2\/pages\/96\/revisions\/946"}],"wp:attachment":[{"href":"https:\/\/www.celyst.de\/dreadlocks\/wp-json\/wp\/v2\/media?parent=96"}],"curies":[{"name":"wp","href":"https:\/\/api.w.org\/{rel}","templated":true}]}}